{"id":7763,"date":"2024-11-22T16:27:45","date_gmt":"2024-11-22T08:27:45","guid":{"rendered":"http:\/\/en.ho-brostech.com\/?page_id=7763"},"modified":"2025-04-30T09:05:00","modified_gmt":"2025-04-30T01:05:00","slug":"sustainable-growth","status":"publish","type":"page","link":"https:\/\/www.ho-bros.com\/fr\/sustainable-growth\/","title":{"rendered":"La Croissance Durable"},"content":{"rendered":"<div data-elementor-type=\"wp-page\" data-elementor-id=\"7763\" class=\"elementor elementor-7763\" data-elementor-post-type=\"page\">\n\t\t\t\t\t\t<section class=\"elementor-section elementor-top-section elementor-element elementor-element-5c9fef6 elementor-section-stretched ls-sr-sg elementor-section-boxed elementor-section-height-default elementor-section-height-default transparent\" data-id=\"5c9fef6\" data-element_type=\"section\" data-settings=\"{&quot;stretch_section&quot;:&quot;section-stretched&quot;}\">\n\t\t\t\t\t\t\t<div class=\"elementor-background-overlay\"><\/div>\n\t\t\t\t\t\t\t<div class=\"elementor-container elementor-column-gap-default\">\n\t\t\t\t\t<div class=\"elementor-column elementor-col-50 elementor-top-column elementor-element elementor-element-3566be3\" data-id=\"3566be3\" data-element_type=\"column\">\n\t\t\t<div class=\"elementor-widget-wrap elementor-element-populated\">\n\t\t\t\t\t\t<div class=\"elementor-element elementor-element-fcf07a4 elementor-widget elementor-widget-title\" data-id=\"fcf07a4\" data-element_type=\"widget\" data-widget_type=\"title.default\">\n\t\t\t\t<div class=\"elementor-widget-container\">\n\t\t\t\r\n        <div class=\"theme-title left\">\r\n          <h6>\u00c0 Propos De Ho&amp;Bros<\/h6>\r\n          <h2>Fournir le plus haut niveau gr\u00e2ce \u00e0 la diligence et de la d\u00e9votion.<\/h2>\r\n           \r\n        <\/div>\r\n        \t\t<\/div>\n\t\t\t\t<\/div>\n\t\t\t\t<div class=\"elementor-element elementor-element-6f70254 elementor-widget elementor-widget-text-editor\" data-id=\"6f70254\" data-element_type=\"widget\" data-widget_type=\"text-editor.default\">\n\t\t\t\t<div class=\"elementor-widget-container\">\n\t\t\t\t\t\t\t<p>Ho&amp;Bros, pilot\u00e9 par l&#039;expertise de nos gens et avec de la pure passion, de nous comprendre et de satisfaire les exigences les plus \u00e9lev\u00e9es de nos clients, r\u00e9pondre \u00e0 leurs qualit\u00e9 et les exigences de la norme.<\/p>\t\t\t\t\t\t<\/div>\n\t\t\t\t<\/div>\n\t\t\t\t<div class=\"elementor-element elementor-element-d7e3773 about-us-list-tdbwy elementor-widget elementor-widget-list_style\" data-id=\"d7e3773\" data-element_type=\"widget\" data-widget_type=\"list_style.default\">\n\t\t\t\t<div class=\"elementor-widget-container\">\n\t\t\t\r\n        <!-- Start rendering the output -->\r\n\r\n        <ul class=\"list-unstyled list-icon\">\r\n                          <li class=\"mb-3\"><i aria-hidden=\"true\" class=\"far fa-check-circle\"><\/i>La qualit\u00e9 de l&#039;<\/li>\r\n                            <li class=\"mb-3\"><i aria-hidden=\"true\" class=\"far fa-check-circle\"><\/i>La productivit\u00e9<\/li>\r\n                            <li class=\"mb-3\"><i aria-hidden=\"true\" class=\"far fa-check-circle\"><\/i>La durabilit\u00e9<\/li>\r\n                          <\/ul>\r\n        <!-- End rendering the output -->\r\n\r\n\r\n\r\n        \t\t<\/div>\n\t\t\t\t<\/div>\n\t\t\t\t<div class=\"elementor-element elementor-element-7f43234 elementor-widget elementor-widget-primary_button\" data-id=\"7f43234\" data-element_type=\"widget\" data-widget_type=\"primary_button.default\">\n\t\t\t\t<div class=\"elementor-widget-container\">\n\t\t\t\r\n        <div class=\"left\">\r\n          <a href=\"\/fr\/contact-us\/\" class=\"primary-btn\">Contactez-nous<\/a>\r\n\r\n        <\/div>\r\n\r\n        \t\t<\/div>\n\t\t\t\t<\/div>\n\t\t\t\t\t<\/div>\n\t\t<\/div>\n\t\t\t\t<div class=\"elementor-column elementor-col-50 elementor-top-column elementor-element elementor-element-caaa4b2\" data-id=\"caaa4b2\" data-element_type=\"column\" data-settings=\"{&quot;background_background&quot;:&quot;classic&quot;}\">\n\t\t\t<div class=\"elementor-widget-wrap elementor-element-populated\">\n\t\t\t\t\t\t<div class=\"elementor-element elementor-element-ee2695e elementor-widget elementor-widget-image\" data-id=\"ee2695e\" data-element_type=\"widget\" data-widget_type=\"image.default\">\n\t\t\t\t<div class=\"elementor-widget-container\">\n\t\t\t\t\t\t\t\t\t\t\t\t\t<img decoding=\"async\" src=\"https:\/\/www.ho-bros.com\/wp-content\/uploads\/elementor\/thumbs\/about-us-qwquqj5yypmihrfg6kvesl6lf1aaw7sz733m0j7vlk.jpg\" title=\"\u00e0 propos de nous\" alt=\"about us\" loading=\"lazy\" \/>\t\t\t\t\t\t\t\t\t\t\t\t\t<\/div>\n\t\t\t\t<\/div>\n\t\t\t\t\t<\/div>\n\t\t<\/div>\n\t\t\t\t\t<\/div>\n\t\t<\/section>\n\t\t\t\t<section class=\"elementor-section elementor-top-section elementor-element elementor-element-9aac2cf elementor-section-stretched transparent-bg ls-sr-sg elementor-section-boxed elementor-section-height-default elementor-section-height-default\" data-id=\"9aac2cf\" data-element_type=\"section\" data-settings=\"{&quot;stretch_section&quot;:&quot;section-stretched&quot;}\">\n\t\t\t\t\t\t<div class=\"elementor-container elementor-column-gap-default\">\n\t\t\t\t\t<div class=\"elementor-column elementor-col-100 elementor-top-column elementor-element elementor-element-7ddfb3f\" data-id=\"7ddfb3f\" data-element_type=\"column\">\n\t\t\t<div class=\"elementor-widget-wrap elementor-element-populated\">\n\t\t\t\t\t\t<div class=\"elementor-element elementor-element-dabd387 elementor-widget elementor-widget-title\" data-id=\"dabd387\" data-element_type=\"widget\" data-widget_type=\"title.default\">\n\t\t\t\t<div class=\"elementor-widget-container\">\n\t\t\t\r\n        <div class=\"theme-title center\">\r\n          <h6>Pourquoi nous Choisir<\/h6>\r\n          <h2>Permettant Une Collaboration Transparente<\/h2>\r\n           \r\n        <\/div>\r\n        \t\t<\/div>\n\t\t\t\t<\/div>\n\t\t\t\t<section class=\"elementor-section elementor-inner-section elementor-element elementor-element-2fd7b31 elementor-section-boxed elementor-section-height-default elementor-section-height-default transparent\" data-id=\"2fd7b31\" data-element_type=\"section\">\n\t\t\t\t\t\t<div class=\"elementor-container elementor-column-gap-default\">\n\t\t\t\t\t<div class=\"elementor-column elementor-col-33 elementor-inner-column elementor-element elementor-element-46ff0d6\" data-id=\"46ff0d6\" data-element_type=\"column\">\n\t\t\t<div class=\"elementor-widget-wrap elementor-element-populated\">\n\t\t\t\t\t\t<div class=\"elementor-element elementor-element-c6c323e elementor-widget elementor-widget-feature-box4\" data-id=\"c6c323e\" data-element_type=\"widget\" data-widget_type=\"feature-box4.default\">\n\t\t\t\t<div class=\"elementor-widget-container\">\n\t\t\t\r\n        <div class=\"feature-box4\">\r\n          <div class=\"feature-title\">\r\n            <h4>De 40 000 m\u00e8tres Carr\u00e9s de l&#039;Usine<\/h4>\r\n          <\/div>\r\n                      <div class=\"feature-icon\"><i aria-hidden=\"true\" class=\"bizency-flaticon flaticon-software-development\"><\/i><\/div>\r\n                <div class=\"feature-desc\">\r\n            <p>Avec un syst\u00e8me enti\u00e8rement int\u00e9gr\u00e9 de facilit\u00e9, nous nous occupons de tous les processus en interne,jusqu&#039;\u00e0 70 millions de capacit\u00e9 mensuelle qui r\u00e9pond \u00e0 votre demande urgente.<\/p> \r\n          <\/div>\r\n          <div class=\"feature-number\"><span><\/span><\/div>\r\n        <\/div>\r\n\r\n        \t\t<\/div>\n\t\t\t\t<\/div>\n\t\t\t\t\t<\/div>\n\t\t<\/div>\n\t\t\t\t<div class=\"elementor-column elementor-col-33 elementor-inner-column elementor-element elementor-element-3b05ac3\" data-id=\"3b05ac3\" data-element_type=\"column\">\n\t\t\t<div class=\"elementor-widget-wrap elementor-element-populated\">\n\t\t\t\t\t\t<div class=\"elementor-element elementor-element-26cce1c elementor-widget elementor-widget-feature-box4\" data-id=\"26cce1c\" data-element_type=\"widget\" data-widget_type=\"feature-box4.default\">\n\t\t\t\t<div class=\"elementor-widget-container\">\n\t\t\t\r\n        <div class=\"feature-box4\">\r\n          <div class=\"feature-title\">\r\n            <h4>Int\u00e9gr\u00e9 de R&amp;D \u00e0 la Production<\/h4>\r\n          <\/div>\r\n                      <div class=\"feature-icon\"><i aria-hidden=\"true\" class=\"bizency-flaticon flaticon-seo-1\"><\/i><\/div>\r\n                <div class=\"feature-desc\">\r\n            <p>Avec une vaste exp\u00e9rience et des coop\u00e9ratives dans ce secteur, nous nous chargeons du processus exigeant, aider \u00e0 r\u00e9duire les co\u00fbts et d&#039;acc\u00e9l\u00e9rer les d\u00e9lais de commercialisation.<\/p> \r\n          <\/div>\r\n          <div class=\"feature-number\"><span><\/span><\/div>\r\n        <\/div>\r\n\r\n        \t\t<\/div>\n\t\t\t\t<\/div>\n\t\t\t\t\t<\/div>\n\t\t<\/div>\n\t\t\t\t<div class=\"elementor-column elementor-col-33 elementor-inner-column elementor-element elementor-element-4cbdc95\" data-id=\"4cbdc95\" data-element_type=\"column\">\n\t\t\t<div class=\"elementor-widget-wrap elementor-element-populated\">\n\t\t\t\t\t\t<div class=\"elementor-element elementor-element-c6cecdd elementor-widget elementor-widget-feature-box4\" data-id=\"c6cecdd\" data-element_type=\"widget\" data-widget_type=\"feature-box4.default\">\n\t\t\t\t<div class=\"elementor-widget-container\">\n\t\t\t\r\n        <div class=\"feature-box4\">\r\n          <div class=\"feature-title\">\r\n            <h4>La Croissance Durable\n\n<\/h4>\r\n          <\/div>\r\n                      <div class=\"feature-icon\"><i aria-hidden=\"true\" class=\"bizency-flaticon flaticon-prototype\"><\/i><\/div>\r\n                <div class=\"feature-desc\">\r\n            <p>La conscience a grandi ici, \u00e0 Ho&amp;Bros, par l&#039;introduction de mati\u00e8res recyclables dans notre feuille de route, nous apportons un effort pour aider la plan\u00e8te.<\/p> \r\n          <\/div>\r\n          <div class=\"feature-number\"><span><\/span><\/div>\r\n        <\/div>\r\n\r\n        \t\t<\/div>\n\t\t\t\t<\/div>\n\t\t\t\t\t<\/div>\n\t\t<\/div>\n\t\t\t\t\t<\/div>\n\t\t<\/section>\n\t\t\t\t\t<\/div>\n\t\t<\/div>\n\t\t\t\t\t<\/div>\n\t\t<\/section>\n\t\t\t\t<section class=\"elementor-section elementor-top-section elementor-element elementor-element-f5c1e7b elementor-section-stretched elementor-section-boxed elementor-section-height-default elementor-section-height-default transparent\" data-id=\"f5c1e7b\" data-element_type=\"section\" data-settings=\"{&quot;stretch_section&quot;:&quot;section-stretched&quot;}\">\n\t\t\t\t\t\t\t<div class=\"elementor-background-overlay\"><\/div>\n\t\t\t\t\t\t\t<div class=\"elementor-container elementor-column-gap-default\">\n\t\t\t\t\t<div class=\"elementor-column elementor-col-50 elementor-top-column elementor-element elementor-element-a991c20\" data-id=\"a991c20\" data-element_type=\"column\" data-settings=\"{&quot;background_background&quot;:&quot;classic&quot;}\">\n\t\t\t<div class=\"elementor-widget-wrap elementor-element-populated\">\n\t\t\t\t\t\t<div class=\"elementor-element elementor-element-8682cdb elementor-widget elementor-widget-image\" data-id=\"8682cdb\" data-element_type=\"widget\" data-widget_type=\"image.default\">\n\t\t\t\t<div class=\"elementor-widget-container\">\n\t\t\t\t\t\t\t\t\t\t\t\t\t<img fetchpriority=\"high\" decoding=\"async\" width=\"940\" height=\"940\" src=\"https:\/\/www.ho-bros.com\/wp-content\/uploads\/2024\/11\/sutainable-development-.jpg\" class=\"attachment-2048x2048 size-2048x2048 wp-image-7801\" alt=\"\" srcset=\"https:\/\/www.ho-bros.com\/wp-content\/uploads\/2024\/11\/sutainable-development-.jpg 940w, https:\/\/www.ho-bros.com\/wp-content\/uploads\/2024\/11\/sutainable-development--300x300.jpg 300w, https:\/\/www.ho-bros.com\/wp-content\/uploads\/2024\/11\/sutainable-development--150x150.jpg 150w, https:\/\/www.ho-bros.com\/wp-content\/uploads\/2024\/11\/sutainable-development--768x768.jpg 768w, https:\/\/www.ho-bros.com\/wp-content\/uploads\/2024\/11\/sutainable-development--12x12.jpg 12w, https:\/\/www.ho-bros.com\/wp-content\/uploads\/2024\/11\/sutainable-development--600x600.jpg 600w\" sizes=\"(max-width: 940px) 100vw, 940px\" \/>\t\t\t\t\t\t\t\t\t\t\t\t\t<\/div>\n\t\t\t\t<\/div>\n\t\t\t\t\t<\/div>\n\t\t<\/div>\n\t\t\t\t<div class=\"elementor-column elementor-col-50 elementor-top-column elementor-element elementor-element-c30cd5d\" data-id=\"c30cd5d\" data-element_type=\"column\">\n\t\t\t<div class=\"elementor-widget-wrap elementor-element-populated\">\n\t\t\t\t\t\t<div class=\"elementor-element elementor-element-fa6cc1c hb-sg elementor-widget elementor-widget-title\" data-id=\"fa6cc1c\" data-element_type=\"widget\" data-widget_type=\"title.default\">\n\t\t\t\t<div class=\"elementor-widget-container\">\n\t\t\t\r\n        <div class=\"theme-title\">\r\n          <h6>D\u00e9veloppement Durable<\/h6>\r\n          <h2>Syst\u00e8me d'\u00c9conomie Circulaire<\/h2>\r\n           \r\n        <\/div>\r\n        \t\t<\/div>\n\t\t\t\t<\/div>\n\t\t\t\t<div class=\"elementor-element elementor-element-3972380 elementor-widget elementor-widget-text-editor\" data-id=\"3972380\" data-element_type=\"widget\" data-widget_type=\"text-editor.default\">\n\t\t\t\t<div class=\"elementor-widget-container\">\n\t\t\t\t\t\t\t<p>Chez Ho&amp;Bros, nous affinons les normes de l'industrie en int\u00e9grant les principes de l'\u00e9conomie circulaire dans nos op\u00e9rations.<\/p>\t\t\t\t\t\t<\/div>\n\t\t\t\t<\/div>\n\t\t\t\t<div class=\"elementor-element elementor-element-7b901f3 elementor-widget elementor-widget-text-editor\" data-id=\"7b901f3\" data-element_type=\"widget\" data-widget_type=\"text-editor.default\">\n\t\t\t\t<div class=\"elementor-widget-container\">\n\t\t\t\t\t\t\t<p>Notre engagement envers le leadership en mati\u00e8re de co\u00fbts et de qualit\u00e9 converge d\u00e9sormais avec l'innovation durable. En tirant parti de notre installation de 40 000 m\u00b2, nous \u00e9tablissons des canaux de retour pour les produits en fin de vie, divulguons les empreintes carbone et offrons rapidement des avantages environnementaux et \u00e9conomiques mesurables.<\/p>\t\t\t\t\t\t<\/div>\n\t\t\t\t<\/div>\n\t\t<div class=\"elementor-element elementor-element-a0149f1 e-flex e-con-boxed e-con e-parent\" data-id=\"a0149f1\" data-element_type=\"container\">\n\t\t\t\t\t<div class=\"e-con-inner\">\n\t\t<div class=\"elementor-element elementor-element-ff0ac84 e-con-full e-flex e-con e-child\" data-id=\"ff0ac84\" data-element_type=\"container\">\n\t\t<div class=\"elementor-element elementor-element-05d6a50 e-con-full e-flex e-con e-child\" data-id=\"05d6a50\" data-element_type=\"container\">\n\t\t\t\t<div class=\"elementor-element elementor-element-f817980 elementor-widget elementor-widget-heading\" data-id=\"f817980\" data-element_type=\"widget\" data-widget_type=\"heading.default\">\n\t\t\t\t<div class=\"elementor-widget-container\">\n\t\t\t<span class=\"elementor-heading-title elementor-size-default\">Engagement Op\u00e9rationnel<\/span>\t\t<\/div>\n\t\t\t\t<\/div>\n\t\t\t\t<div class=\"elementor-element elementor-element-a8bb98a elementor-widget elementor-widget-text-editor\" data-id=\"a8bb98a\" data-element_type=\"widget\" data-widget_type=\"text-editor.default\">\n\t\t\t\t<div class=\"elementor-widget-container\">\n\t\t\t\t\t\t\t<ul><li>Certifi\u00e9 ISO 14001<\/li><li>R\u00e9duction de la Consommation d'\u00c9nergie<\/li><li>Initiatives \u00c9cologiques Men\u00e9es par les Employ\u00e9s<\/li><li>Recyclage en Circuit Ferm\u00e9<\/li><\/ul>\t\t\t\t\t\t<\/div>\n\t\t\t\t<\/div>\n\t\t\t\t<\/div>\n\t\t\t\t<\/div>\n\t\t<div class=\"elementor-element elementor-element-645eed7 e-con-full e-flex e-con e-child\" data-id=\"645eed7\" data-element_type=\"container\">\n\t\t<div class=\"elementor-element elementor-element-8151032 e-con-full e-flex e-con e-child\" data-id=\"8151032\" data-element_type=\"container\">\n\t\t\t\t<div class=\"elementor-element elementor-element-da703c7 elementor-widget elementor-widget-heading\" data-id=\"da703c7\" data-element_type=\"widget\" data-widget_type=\"heading.default\">\n\t\t\t\t<div class=\"elementor-widget-container\">\n\t\t\t<span class=\"elementor-heading-title elementor-size-default\">Cha\u00eene de Valeur Collaborative<\/span>\t\t<\/div>\n\t\t\t\t<\/div>\n\t\t\t\t<div class=\"elementor-element elementor-element-ec27d16 elementor-widget elementor-widget-text-editor\" data-id=\"ec27d16\" data-element_type=\"widget\" data-widget_type=\"text-editor.default\">\n\t\t\t\t<div class=\"elementor-widget-container\">\n\t\t\t\t\t\t\t<ul><li>S\u00e9lection des Fournisseurs Conformes<\/li><li>Incitation des Clients \u2013 Renforcement de la Boucle \"Concevoir-Utiliser-Recycler\"<\/li><li>Objectifs de Substitution des Mat\u00e9riaux<\/li><\/ul>\t\t\t\t\t\t<\/div>\n\t\t\t\t<\/div>\n\t\t\t\t<\/div>\n\t\t\t\t<\/div>\n\t\t\t\t\t<\/div>\n\t\t\t\t<\/div>\n\t\t\t\t\t<\/div>\n\t\t<\/div>\n\t\t\t\t\t<\/div>\n\t\t<\/section>\n\t\t\t\t<\/div>","protected":false},"excerpt":{"rendered":"<p>About Ho&#038;Bros Deliver the highest standard through diligence and devotion. At Ho&amp;Bros, driven by the expertise of our people and with sheer passion, we understand and fulfill the most stringent demands of our clients, meeting their quality and specification requirements. Quality Productivity Sustainability Contact us Why Choose us Enabling Seamless Collaboration 40,000 Square-meter Plant With [&hellip;]<\/p>","protected":false},"author":1,"featured_media":0,"parent":0,"menu_order":0,"comment_status":"closed","ping_status":"closed","template":"","meta":{"_acf_changed":false,"inline_featured_image":false,"footnotes":""},"class_list":["post-7763","page","type-page","status-publish","hentry"],"acf":[],"yoast_head":"<!-- This site is optimized with the Yoast SEO plugin v24.0 - https:\/\/yoast.com\/wordpress\/plugins\/seo\/ -->\n<title>Sustainable Growth - Ho&amp;Bros<\/title>\n<meta name=\"robots\" content=\"index, follow, max-snippet:-1, max-image-preview:large, max-video-preview:-1\" \/>\n<link rel=\"canonical\" href=\"https:\/\/www.ho-bros.com\/fr\/sustainable-growth\/\" \/>\n<meta property=\"og:locale\" content=\"fr_FR\" \/>\n<meta property=\"og:type\" content=\"article\" \/>\n<meta property=\"og:title\" content=\"Sustainable Growth - Ho&amp;Bros\" \/>\n<meta property=\"og:description\" content=\"About Ho&#038;Bros Deliver the highest standard through diligence and devotion. At Ho&amp;Bros, driven by the expertise of our people and with sheer passion, we understand and fulfill the most stringent demands of our clients, meeting their quality and specification requirements. Quality Productivity Sustainability Contact us Why Choose us Enabling Seamless Collaboration 40,000 Square-meter Plant With [&hellip;]\" \/>\n<meta property=\"og:url\" content=\"https:\/\/www.ho-bros.com\/fr\/sustainable-growth\/\" \/>\n<meta property=\"og:site_name\" content=\"Ho&amp;Bros\" \/>\n<meta property=\"article:modified_time\" content=\"2025-04-30T01:05:00+00:00\" \/>\n<meta property=\"og:image\" content=\"https:\/\/www.ho-bros.com\/wp-content\/uploads\/elementor\/thumbs\/about-us-qwquqj5yypmihrfg6kvesl6lf1aaw7sz733m0j7vlk.jpg\" \/>\n<meta name=\"twitter:card\" content=\"summary_large_image\" \/>\n<meta name=\"twitter:label1\" content=\"Dur\u00e9e de lecture estim\u00e9e\" \/>\n\t<meta name=\"twitter:data1\" content=\"2 minutes\" \/>\n<script type=\"application\/ld+json\" class=\"yoast-schema-graph\">{\"@context\":\"https:\/\/schema.org\",\"@graph\":[{\"@type\":\"WebPage\",\"@id\":\"https:\/\/www.ho-bros.com\/sustainable-growth\/\",\"url\":\"https:\/\/www.ho-bros.com\/sustainable-growth\/\",\"name\":\"Sustainable Growth - Ho&amp;Bros\",\"isPartOf\":{\"@id\":\"https:\/\/www.ho-bros.com\/#website\"},\"primaryImageOfPage\":{\"@id\":\"https:\/\/www.ho-bros.com\/sustainable-growth\/#primaryimage\"},\"image\":{\"@id\":\"https:\/\/www.ho-bros.com\/sustainable-growth\/#primaryimage\"},\"thumbnailUrl\":\"https:\/\/www.ho-bros.com\/wp-content\/uploads\/elementor\/thumbs\/about-us-qwquqj5yypmihrfg6kvesl6lf1aaw7sz733m0j7vlk.jpg\",\"datePublished\":\"2024-11-22T08:27:45+00:00\",\"dateModified\":\"2025-04-30T01:05:00+00:00\",\"breadcrumb\":{\"@id\":\"https:\/\/www.ho-bros.com\/sustainable-growth\/#breadcrumb\"},\"inLanguage\":\"fr-FR\",\"potentialAction\":[{\"@type\":\"ReadAction\",\"target\":[\"https:\/\/www.ho-bros.com\/sustainable-growth\/\"]}]},{\"@type\":\"ImageObject\",\"inLanguage\":\"fr-FR\",\"@id\":\"https:\/\/www.ho-bros.com\/sustainable-growth\/#primaryimage\",\"url\":\"https:\/\/www.ho-bros.com\/wp-content\/uploads\/elementor\/thumbs\/about-us-qwquqj5yypmihrfg6kvesl6lf1aaw7sz733m0j7vlk.jpg\",\"contentUrl\":\"https:\/\/www.ho-bros.com\/wp-content\/uploads\/elementor\/thumbs\/about-us-qwquqj5yypmihrfg6kvesl6lf1aaw7sz733m0j7vlk.jpg\"},{\"@type\":\"BreadcrumbList\",\"@id\":\"https:\/\/www.ho-bros.com\/sustainable-growth\/#breadcrumb\",\"itemListElement\":[{\"@type\":\"ListItem\",\"position\":1,\"name\":\"Home\",\"item\":\"https:\/\/www.ho-bros.com\/\"},{\"@type\":\"ListItem\",\"position\":2,\"name\":\"Sustainable Growth\"}]},{\"@type\":\"WebSite\",\"@id\":\"https:\/\/www.ho-bros.com\/#website\",\"url\":\"https:\/\/www.ho-bros.com\/\",\"name\":\"Ho&Bros\",\"description\":\"\",\"potentialAction\":[{\"@type\":\"SearchAction\",\"target\":{\"@type\":\"EntryPoint\",\"urlTemplate\":\"https:\/\/www.ho-bros.com\/?s={search_term_string}\"},\"query-input\":{\"@type\":\"PropertyValueSpecification\",\"valueRequired\":true,\"valueName\":\"search_term_string\"}}],\"inLanguage\":\"fr-FR\"}]}<\/script>\n<!-- \/ Yoast SEO plugin. -->","yoast_head_json":{"title":"Sustainable Growth - Ho&amp;Bros","robots":{"index":"index","follow":"follow","max-snippet":"max-snippet:-1","max-image-preview":"max-image-preview:large","max-video-preview":"max-video-preview:-1"},"canonical":"https:\/\/www.ho-bros.com\/fr\/sustainable-growth\/","og_locale":"fr_FR","og_type":"article","og_title":"Sustainable Growth - Ho&amp;Bros","og_description":"About Ho&#038;Bros Deliver the highest standard through diligence and devotion. At Ho&amp;Bros, driven by the expertise of our people and with sheer passion, we understand and fulfill the most stringent demands of our clients, meeting their quality and specification requirements. Quality Productivity Sustainability Contact us Why Choose us Enabling Seamless Collaboration 40,000 Square-meter Plant With [&hellip;]","og_url":"https:\/\/www.ho-bros.com\/fr\/sustainable-growth\/","og_site_name":"Ho&amp;Bros","article_modified_time":"2025-04-30T01:05:00+00:00","og_image":[{"url":"https:\/\/www.ho-bros.com\/wp-content\/uploads\/elementor\/thumbs\/about-us-qwquqj5yypmihrfg6kvesl6lf1aaw7sz733m0j7vlk.jpg","type":"","width":"","height":""}],"twitter_card":"summary_large_image","twitter_misc":{"Dur\u00e9e de lecture estim\u00e9e":"2 minutes"},"schema":{"@context":"https:\/\/schema.org","@graph":[{"@type":"WebPage","@id":"https:\/\/www.ho-bros.com\/sustainable-growth\/","url":"https:\/\/www.ho-bros.com\/sustainable-growth\/","name":"Sustainable Growth - Ho&amp;Bros","isPartOf":{"@id":"https:\/\/www.ho-bros.com\/#website"},"primaryImageOfPage":{"@id":"https:\/\/www.ho-bros.com\/sustainable-growth\/#primaryimage"},"image":{"@id":"https:\/\/www.ho-bros.com\/sustainable-growth\/#primaryimage"},"thumbnailUrl":"https:\/\/www.ho-bros.com\/wp-content\/uploads\/elementor\/thumbs\/about-us-qwquqj5yypmihrfg6kvesl6lf1aaw7sz733m0j7vlk.jpg","datePublished":"2024-11-22T08:27:45+00:00","dateModified":"2025-04-30T01:05:00+00:00","breadcrumb":{"@id":"https:\/\/www.ho-bros.com\/sustainable-growth\/#breadcrumb"},"inLanguage":"fr-FR","potentialAction":[{"@type":"ReadAction","target":["https:\/\/www.ho-bros.com\/sustainable-growth\/"]}]},{"@type":"ImageObject","inLanguage":"fr-FR","@id":"https:\/\/www.ho-bros.com\/sustainable-growth\/#primaryimage","url":"https:\/\/www.ho-bros.com\/wp-content\/uploads\/elementor\/thumbs\/about-us-qwquqj5yypmihrfg6kvesl6lf1aaw7sz733m0j7vlk.jpg","contentUrl":"https:\/\/www.ho-bros.com\/wp-content\/uploads\/elementor\/thumbs\/about-us-qwquqj5yypmihrfg6kvesl6lf1aaw7sz733m0j7vlk.jpg"},{"@type":"BreadcrumbList","@id":"https:\/\/www.ho-bros.com\/sustainable-growth\/#breadcrumb","itemListElement":[{"@type":"ListItem","position":1,"name":"Home","item":"https:\/\/www.ho-bros.com\/"},{"@type":"ListItem","position":2,"name":"Sustainable Growth"}]},{"@type":"WebSite","@id":"https:\/\/www.ho-bros.com\/#website","url":"https:\/\/www.ho-bros.com\/","name":"Ho&Bros","description":"","potentialAction":[{"@type":"SearchAction","target":{"@type":"EntryPoint","urlTemplate":"https:\/\/www.ho-bros.com\/?s={search_term_string}"},"query-input":{"@type":"PropertyValueSpecification","valueRequired":true,"valueName":"search_term_string"}}],"inLanguage":"fr-FR"}]}},"_links":{"self":[{"href":"https:\/\/www.ho-bros.com\/fr\/wp-json\/wp\/v2\/pages\/7763","targetHints":{"allow":["GET"]}}],"collection":[{"href":"https:\/\/www.ho-bros.com\/fr\/wp-json\/wp\/v2\/pages"}],"about":[{"href":"https:\/\/www.ho-bros.com\/fr\/wp-json\/wp\/v2\/types\/page"}],"author":[{"embeddable":true,"href":"https:\/\/www.ho-bros.com\/fr\/wp-json\/wp\/v2\/users\/1"}],"replies":[{"embeddable":true,"href":"https:\/\/www.ho-bros.com\/fr\/wp-json\/wp\/v2\/comments?post=7763"}],"version-history":[{"count":71,"href":"https:\/\/www.ho-bros.com\/fr\/wp-json\/wp\/v2\/pages\/7763\/revisions"}],"predecessor-version":[{"id":8899,"href":"https:\/\/www.ho-bros.com\/fr\/wp-json\/wp\/v2\/pages\/7763\/revisions\/8899"}],"wp:attachment":[{"href":"https:\/\/www.ho-bros.com\/fr\/wp-json\/wp\/v2\/media?parent=7763"}],"curies":[{"name":"wp","href":"https:\/\/api.w.org\/{rel}","templated":true}]}}