{"id":8008,"date":"2025-04-22T11:07:19","date_gmt":"2025-04-22T03:07:19","guid":{"rendered":"https:\/\/www.ho-bros.com\/?page_id=8008"},"modified":"2025-05-08T09:34:06","modified_gmt":"2025-05-08T01:34:06","slug":"sim-solutions","status":"publish","type":"page","link":"https:\/\/www.ho-bros.com\/fr\/sim-solutions\/","title":{"rendered":"La carte SIM"},"content":{"rendered":"<div data-elementor-type=\"wp-page\" data-elementor-id=\"8008\" class=\"elementor elementor-8008\" data-elementor-post-type=\"page\">\n\t\t\t\t<div class=\"elementor-element elementor-element-047e133 e-flex e-con-boxed e-con e-parent\" data-id=\"047e133\" data-element_type=\"container\">\n\t\t\t\t\t<div class=\"e-con-inner\">\n\t\t<div class=\"elementor-element elementor-element-9573eda e-con-full e-flex e-con e-child\" data-id=\"9573eda\" data-element_type=\"container\">\n\t\t<div class=\"elementor-element elementor-element-4e06f35 e-con-full e-flex e-con e-child\" data-id=\"4e06f35\" data-element_type=\"container\">\n\t\t\t\t<div class=\"elementor-element elementor-element-5b8024c elementor-widget elementor-widget-image\" data-id=\"5b8024c\" data-element_type=\"widget\" data-widget_type=\"image.default\">\n\t\t\t\t<div class=\"elementor-widget-container\">\n\t\t\t\t\t\t\t\t\t\t\t\t\t<img decoding=\"async\" width=\"204\" height=\"41\" src=\"https:\/\/www.ho-bros.com\/wp-content\/uploads\/2025\/04\/sim-solutions.png\" class=\"attachment-large size-large wp-image-8015\" alt=\"sim-solutions\" srcset=\"https:\/\/www.ho-bros.com\/wp-content\/uploads\/2025\/04\/sim-solutions.png 204w, https:\/\/www.ho-bros.com\/wp-content\/uploads\/2025\/04\/sim-solutions-18x4.png 18w\" sizes=\"(max-width: 204px) 100vw, 204px\" \/>\t\t\t\t\t\t\t\t\t\t\t\t\t<\/div>\n\t\t\t\t<\/div>\n\t\t\t\t<\/div>\n\t\t\t\t<div class=\"elementor-element elementor-element-1a4e6ac elementor-widget elementor-widget-title\" data-id=\"1a4e6ac\" data-element_type=\"widget\" data-widget_type=\"title.default\">\n\t\t\t\t<div class=\"elementor-widget-container\">\n\t\t\t\r\n        <div class=\"theme-title\">\r\n          <h6>LigaFort \u2013 Solutions SIM<\/h6>\r\n          <h2>Renforcez votre position sur le march\u00e9 gr\u00e2ce \u00e0 des solutions t\u00e9l\u00e9com sur mesure, en tirant parti de l\u2019ensemble de notre portefeuille et d\u2019une approche agile, con\u00e7ue pour r\u00e9pondre pr\u00e9cis\u00e9ment \u00e0 l\u2019\u00e9volution constante de vos besoins.<\/h2>\r\n          <p><span style=\"color: #ffffff;\">SIM | USIM | eSIM<\/span><\/p> \r\n        <\/div>\r\n        \t\t<\/div>\n\t\t\t\t<\/div>\n\t\t<div class=\"elementor-element elementor-element-96077ae e-con-full e-flex e-con e-child\" data-id=\"96077ae\" data-element_type=\"container\">\n\t\t<div class=\"elementor-element elementor-element-18db708 e-con-full e-flex e-con e-child\" data-id=\"18db708\" data-element_type=\"container\">\n\t\t<div class=\"elementor-element elementor-element-b04f578 e-con-full e-flex e-con e-child\" data-id=\"b04f578\" data-element_type=\"container\">\n\t\t\t\t<div class=\"elementor-element elementor-element-a2685f5 elementor-view-default elementor-widget elementor-widget-icon\" data-id=\"a2685f5\" data-element_type=\"widget\" data-widget_type=\"icon.default\">\n\t\t\t\t<div class=\"elementor-widget-container\">\n\t\t\t\t\t<div class=\"elementor-icon-wrapper\">\n\t\t\t<div class=\"elementor-icon\">\n\t\t\t<i aria-hidden=\"true\" class=\"icon icon-sim-card\"><\/i>\t\t\t<\/div>\n\t\t<\/div>\n\t\t\t\t<\/div>\n\t\t\t\t<\/div>\n\t\t\t\t<\/div>\n\t\t<div class=\"elementor-element elementor-element-8511472 e-con-full e-flex e-con e-child\" data-id=\"8511472\" data-element_type=\"container\">\n\t\t\t\t<div class=\"elementor-element elementor-element-f7df62f elementor-widget elementor-widget-heading\" data-id=\"f7df62f\" data-element_type=\"widget\" data-widget_type=\"heading.default\">\n\t\t\t\t<div class=\"elementor-widget-container\">\n\t\t\t<span class=\"elementor-heading-title elementor-size-default\">Facteurs de forme<\/span>\t\t<\/div>\n\t\t\t\t<\/div>\n\t\t\t\t<div class=\"elementor-element elementor-element-9d3af70 elementor-widget elementor-widget-text-editor\" data-id=\"9d3af70\" data-element_type=\"widget\" data-widget_type=\"text-editor.default\">\n\t\t\t\t<div class=\"elementor-widget-container\">\n\t\t\t\t\t\t\t<ul><li>2FF | 3FF | 4FF et suivants<\/li><li>32K ~ 256K ; Maternelle \/ Java<\/li><\/ul>\t\t\t\t\t\t<\/div>\n\t\t\t\t<\/div>\n\t\t\t\t<\/div>\n\t\t\t\t<\/div>\n\t\t<div class=\"elementor-element elementor-element-4a297b0 e-con-full e-flex e-con e-child\" data-id=\"4a297b0\" data-element_type=\"container\">\n\t\t<div class=\"elementor-element elementor-element-899260c e-con-full e-flex e-con e-child\" data-id=\"899260c\" data-element_type=\"container\">\n\t\t\t\t<div class=\"elementor-element elementor-element-73c4116 elementor-view-default elementor-widget elementor-widget-icon\" data-id=\"73c4116\" data-element_type=\"widget\" data-widget_type=\"icon.default\">\n\t\t\t\t<div class=\"elementor-widget-container\">\n\t\t\t\t\t<div class=\"elementor-icon-wrapper\">\n\t\t\t<div class=\"elementor-icon\">\n\t\t\t<i aria-hidden=\"true\" class=\"icon icon-coszi\"><\/i>\t\t\t<\/div>\n\t\t<\/div>\n\t\t\t\t<\/div>\n\t\t\t\t<\/div>\n\t\t\t\t<\/div>\n\t\t<div class=\"elementor-element elementor-element-ea93782 e-con-full e-flex e-con e-child\" data-id=\"ea93782\" data-element_type=\"container\">\n\t\t\t\t<div class=\"elementor-element elementor-element-0f8fe12 elementor-widget elementor-widget-heading\" data-id=\"0f8fe12\" data-element_type=\"widget\" data-widget_type=\"heading.default\">\n\t\t\t\t<div class=\"elementor-widget-container\">\n\t\t\t<span class=\"elementor-heading-title elementor-size-default\">D\u00e9veloppement COS &amp; Applet<\/span>\t\t<\/div>\n\t\t\t\t<\/div>\n\t\t\t\t<div class=\"elementor-element elementor-element-31074d3 elementor-widget elementor-widget-text-editor\" data-id=\"31074d3\" data-element_type=\"widget\" data-widget_type=\"text-editor.default\">\n\t\t\t\t<div class=\"elementor-widget-container\">\n\t\t\t\t\t\t\t<ul><li>Smart SMS | Data Vault | Secret<\/li><li>SIM SMS | D\u00e9coupage | Multi-IMSI<\/li><\/ul>\t\t\t\t\t\t<\/div>\n\t\t\t\t<\/div>\n\t\t\t\t<\/div>\n\t\t\t\t<\/div>\n\t\t\t\t<\/div>\n\t\t<div class=\"elementor-element elementor-element-af265e0 e-con-full e-flex e-con e-child\" data-id=\"af265e0\" data-element_type=\"container\">\n\t\t<div class=\"elementor-element elementor-element-20a6404 e-con-full e-flex e-con e-child\" data-id=\"20a6404\" data-element_type=\"container\">\n\t\t<div class=\"elementor-element elementor-element-e513b6d e-con-full e-flex e-con e-child\" data-id=\"e513b6d\" data-element_type=\"container\">\n\t\t\t\t<div class=\"elementor-element elementor-element-5498c92 elementor-view-default elementor-widget elementor-widget-icon\" data-id=\"5498c92\" data-element_type=\"widget\" data-widget_type=\"icon.default\">\n\t\t\t\t<div class=\"elementor-widget-container\">\n\t\t\t\t\t<div class=\"elementor-icon-wrapper\">\n\t\t\t<div class=\"elementor-icon\">\n\t\t\t<i aria-hidden=\"true\" class=\"icon icon-hour\"><\/i>\t\t\t<\/div>\n\t\t<\/div>\n\t\t\t\t<\/div>\n\t\t\t\t<\/div>\n\t\t\t\t<\/div>\n\t\t<div class=\"elementor-element elementor-element-4ce645f e-con-full e-flex e-con e-child\" data-id=\"4ce645f\" data-element_type=\"container\">\n\t\t\t\t<div class=\"elementor-element elementor-element-654c8af elementor-widget elementor-widget-heading\" data-id=\"654c8af\" data-element_type=\"widget\" data-widget_type=\"heading.default\">\n\t\t\t\t<div class=\"elementor-widget-container\">\n\t\t\t<span class=\"elementor-heading-title elementor-size-default\">Support 24h\/24 et 7j\/7<\/span>\t\t<\/div>\n\t\t\t\t<\/div>\n\t\t\t\t<div class=\"elementor-element elementor-element-9989d16 elementor-widget elementor-widget-text-editor\" data-id=\"9989d16\" data-element_type=\"widget\" data-widget_type=\"text-editor.default\">\n\t\t\t\t<div class=\"elementor-widget-container\">\n\t\t\t\t\t\t\t<p>Toujours pr\u00eats \u00e0 fournir un accompagnement technique sp\u00e9cialis\u00e9, avec efficacit\u00e9, r\u00e9activit\u00e9 et un engagement constant envers des r\u00e9sultats exceptionnels.<\/p>\t\t\t\t\t\t<\/div>\n\t\t\t\t<\/div>\n\t\t\t\t<\/div>\n\t\t\t\t<\/div>\n\t\t<div class=\"elementor-element elementor-element-8ed6a8e e-con-full e-flex e-con e-child\" data-id=\"8ed6a8e\" data-element_type=\"container\">\n\t\t<div class=\"elementor-element elementor-element-5b86229 e-con-full e-flex e-con e-child\" data-id=\"5b86229\" data-element_type=\"container\">\n\t\t\t\t<div class=\"elementor-element elementor-element-2856c9f elementor-view-default elementor-widget elementor-widget-icon\" data-id=\"2856c9f\" data-element_type=\"widget\" data-widget_type=\"icon.default\">\n\t\t\t\t<div class=\"elementor-widget-container\">\n\t\t\t\t\t<div class=\"elementor-icon-wrapper\">\n\t\t\t<div class=\"elementor-icon\">\n\t\t\t<i aria-hidden=\"true\" class=\"icon icon-pintu\"><\/i>\t\t\t<\/div>\n\t\t<\/div>\n\t\t\t\t<\/div>\n\t\t\t\t<\/div>\n\t\t\t\t<\/div>\n\t\t<div class=\"elementor-element elementor-element-40ba926 e-con-full e-flex e-con e-child\" data-id=\"40ba926\" data-element_type=\"container\">\n\t\t\t\t<div class=\"elementor-element elementor-element-04dfead elementor-widget elementor-widget-heading\" data-id=\"04dfead\" data-element_type=\"widget\" data-widget_type=\"heading.default\">\n\t\t\t\t<div class=\"elementor-widget-container\">\n\t\t\t<span class=\"elementor-heading-title elementor-size-default\">Flexible et diversifi\u00e9<\/span>\t\t<\/div>\n\t\t\t\t<\/div>\n\t\t\t\t<div class=\"elementor-element elementor-element-e889415 elementor-widget elementor-widget-text-editor\" data-id=\"e889415\" data-element_type=\"widget\" data-widget_type=\"text-editor.default\">\n\t\t\t\t<div class=\"elementor-widget-container\">\n\t\t\t\t\t\t\t<ul><li>Le souci du d\u00e9tail<\/li><li>Une agilit\u00e9 \u00e9prouv\u00e9e<\/li><li>Une ma\u00eetrise de bout en bout\nUn engagement centr\u00e9 sur le client<\/li><\/ul>\t\t\t\t\t\t<\/div>\n\t\t\t\t<\/div>\n\t\t\t\t<\/div>\n\t\t\t\t<\/div>\n\t\t\t\t<\/div>\n\t\t\t\t<\/div>\n\t\t<div class=\"elementor-element elementor-element-ea8f65c e-con-full e-flex e-con e-child\" data-id=\"ea8f65c\" data-element_type=\"container\">\n\t\t\t\t<div class=\"elementor-element elementor-element-5c876a3 elementor-widget elementor-widget-image\" data-id=\"5c876a3\" data-element_type=\"widget\" data-widget_type=\"image.default\">\n\t\t\t\t<div class=\"elementor-widget-container\">\n\t\t\t\t\t\t\t\t\t\t\t\t\t<img fetchpriority=\"high\" decoding=\"async\" width=\"636\" height=\"441\" src=\"https:\/\/www.ho-bros.com\/wp-content\/uploads\/2025\/04\/LigaFort-SIM_SOLUTIONS.png\" class=\"attachment-full size-full wp-image-8453\" alt=\"LigaFort-SIM SOLUTIONS\" srcset=\"https:\/\/www.ho-bros.com\/wp-content\/uploads\/2025\/04\/LigaFort-SIM_SOLUTIONS.png 636w, https:\/\/www.ho-bros.com\/wp-content\/uploads\/2025\/04\/LigaFort-SIM_SOLUTIONS-300x208.png 300w, https:\/\/www.ho-bros.com\/wp-content\/uploads\/2025\/04\/LigaFort-SIM_SOLUTIONS-18x12.png 18w\" sizes=\"(max-width: 636px) 100vw, 636px\" \/>\t\t\t\t\t\t\t\t\t\t\t\t\t<\/div>\n\t\t\t\t<\/div>\n\t\t\t\t<\/div>\n\t\t\t\t\t<\/div>\n\t\t\t\t<\/div>\n\t\t\t\t<\/div>","protected":false},"excerpt":{"rendered":"<p>LigaFort-SIM SOLUTIONS Strengthen your market position with tailored telecom solutions by leveraging our comprehensive portfolio and agile approach to address your evolving demands. SIM | USIM | eSIM Form Factors 2FF|3FF|4FF 32K~256K;Native\/Java COS &amp; Applet Dev Smart SMS |Data Vault | Secret SMS | SIM Short-cut | Multi-IM SI 24\/7 Support Always ready to provide [&hellip;]<\/p>","protected":false},"author":2,"featured_media":0,"parent":0,"menu_order":0,"comment_status":"closed","ping_status":"closed","template":"","meta":{"_acf_changed":false,"inline_featured_image":false,"footnotes":""},"class_list":["post-8008","page","type-page","status-publish","hentry"],"acf":[],"yoast_head":"<!-- This site is optimized with the Yoast SEO plugin v24.0 - https:\/\/yoast.com\/wordpress\/plugins\/seo\/ -->\n<title>SIM Solutions - Ho&amp;Bros<\/title>\n<meta name=\"description\" content=\"SIM Solutions\" \/>\n<meta name=\"robots\" content=\"index, follow, max-snippet:-1, max-image-preview:large, max-video-preview:-1\" \/>\n<link rel=\"canonical\" href=\"https:\/\/www.ho-bros.com\/fr\/sim-solutions\/\" \/>\n<meta property=\"og:locale\" content=\"fr_FR\" \/>\n<meta property=\"og:type\" content=\"article\" \/>\n<meta property=\"og:title\" content=\"SIM Solutions - Ho&amp;Bros\" \/>\n<meta property=\"og:description\" content=\"SIM Solutions\" \/>\n<meta property=\"og:url\" content=\"https:\/\/www.ho-bros.com\/fr\/sim-solutions\/\" \/>\n<meta property=\"og:site_name\" content=\"Ho&amp;Bros\" \/>\n<meta property=\"article:modified_time\" content=\"2025-05-08T01:34:06+00:00\" \/>\n<meta property=\"og:image\" content=\"https:\/\/www.ho-bros.com\/wp-content\/uploads\/2025\/04\/sim-solutions.png\" \/>\n\t<meta property=\"og:image:width\" content=\"204\" \/>\n\t<meta property=\"og:image:height\" content=\"41\" \/>\n\t<meta property=\"og:image:type\" content=\"image\/png\" \/>\n<meta name=\"twitter:card\" content=\"summary_large_image\" \/>\n<meta name=\"twitter:label1\" content=\"Dur\u00e9e de lecture estim\u00e9e\" \/>\n\t<meta name=\"twitter:data1\" content=\"1 minute\" \/>\n<script type=\"application\/ld+json\" class=\"yoast-schema-graph\">{\"@context\":\"https:\/\/schema.org\",\"@graph\":[{\"@type\":\"WebPage\",\"@id\":\"https:\/\/www.ho-bros.com\/sim-solutions\/\",\"url\":\"https:\/\/www.ho-bros.com\/sim-solutions\/\",\"name\":\"SIM Solutions - Ho&amp;Bros\",\"isPartOf\":{\"@id\":\"https:\/\/www.ho-bros.com\/#website\"},\"primaryImageOfPage\":{\"@id\":\"https:\/\/www.ho-bros.com\/sim-solutions\/#primaryimage\"},\"image\":{\"@id\":\"https:\/\/www.ho-bros.com\/sim-solutions\/#primaryimage\"},\"thumbnailUrl\":\"https:\/\/www.ho-bros.com\/wp-content\/uploads\/2025\/04\/sim-solutions.png\",\"datePublished\":\"2025-04-22T03:07:19+00:00\",\"dateModified\":\"2025-05-08T01:34:06+00:00\",\"description\":\"SIM Solutions\",\"breadcrumb\":{\"@id\":\"https:\/\/www.ho-bros.com\/sim-solutions\/#breadcrumb\"},\"inLanguage\":\"fr-FR\",\"potentialAction\":[{\"@type\":\"ReadAction\",\"target\":[\"https:\/\/www.ho-bros.com\/sim-solutions\/\"]}]},{\"@type\":\"ImageObject\",\"inLanguage\":\"fr-FR\",\"@id\":\"https:\/\/www.ho-bros.com\/sim-solutions\/#primaryimage\",\"url\":\"https:\/\/www.ho-bros.com\/wp-content\/uploads\/2025\/04\/sim-solutions.png\",\"contentUrl\":\"https:\/\/www.ho-bros.com\/wp-content\/uploads\/2025\/04\/sim-solutions.png\"},{\"@type\":\"BreadcrumbList\",\"@id\":\"https:\/\/www.ho-bros.com\/sim-solutions\/#breadcrumb\",\"itemListElement\":[{\"@type\":\"ListItem\",\"position\":1,\"name\":\"Home\",\"item\":\"https:\/\/www.ho-bros.com\/\"},{\"@type\":\"ListItem\",\"position\":2,\"name\":\"SIM Solutions\"}]},{\"@type\":\"WebSite\",\"@id\":\"https:\/\/www.ho-bros.com\/#website\",\"url\":\"https:\/\/www.ho-bros.com\/\",\"name\":\"Ho&Bros\",\"description\":\"\",\"potentialAction\":[{\"@type\":\"SearchAction\",\"target\":{\"@type\":\"EntryPoint\",\"urlTemplate\":\"https:\/\/www.ho-bros.com\/?s={search_term_string}\"},\"query-input\":{\"@type\":\"PropertyValueSpecification\",\"valueRequired\":true,\"valueName\":\"search_term_string\"}}],\"inLanguage\":\"fr-FR\"}]}<\/script>\n<!-- \/ Yoast SEO plugin. -->","yoast_head_json":{"title":"SIM Solutions - Ho&amp;Bros","description":"SIM Solutions","robots":{"index":"index","follow":"follow","max-snippet":"max-snippet:-1","max-image-preview":"max-image-preview:large","max-video-preview":"max-video-preview:-1"},"canonical":"https:\/\/www.ho-bros.com\/fr\/sim-solutions\/","og_locale":"fr_FR","og_type":"article","og_title":"SIM Solutions - Ho&amp;Bros","og_description":"SIM Solutions","og_url":"https:\/\/www.ho-bros.com\/fr\/sim-solutions\/","og_site_name":"Ho&amp;Bros","article_modified_time":"2025-05-08T01:34:06+00:00","og_image":[{"width":204,"height":41,"url":"https:\/\/www.ho-bros.com\/wp-content\/uploads\/2025\/04\/sim-solutions.png","type":"image\/png"}],"twitter_card":"summary_large_image","twitter_misc":{"Dur\u00e9e de lecture estim\u00e9e":"1 minute"},"schema":{"@context":"https:\/\/schema.org","@graph":[{"@type":"WebPage","@id":"https:\/\/www.ho-bros.com\/sim-solutions\/","url":"https:\/\/www.ho-bros.com\/sim-solutions\/","name":"SIM Solutions - Ho&amp;Bros","isPartOf":{"@id":"https:\/\/www.ho-bros.com\/#website"},"primaryImageOfPage":{"@id":"https:\/\/www.ho-bros.com\/sim-solutions\/#primaryimage"},"image":{"@id":"https:\/\/www.ho-bros.com\/sim-solutions\/#primaryimage"},"thumbnailUrl":"https:\/\/www.ho-bros.com\/wp-content\/uploads\/2025\/04\/sim-solutions.png","datePublished":"2025-04-22T03:07:19+00:00","dateModified":"2025-05-08T01:34:06+00:00","description":"SIM Solutions","breadcrumb":{"@id":"https:\/\/www.ho-bros.com\/sim-solutions\/#breadcrumb"},"inLanguage":"fr-FR","potentialAction":[{"@type":"ReadAction","target":["https:\/\/www.ho-bros.com\/sim-solutions\/"]}]},{"@type":"ImageObject","inLanguage":"fr-FR","@id":"https:\/\/www.ho-bros.com\/sim-solutions\/#primaryimage","url":"https:\/\/www.ho-bros.com\/wp-content\/uploads\/2025\/04\/sim-solutions.png","contentUrl":"https:\/\/www.ho-bros.com\/wp-content\/uploads\/2025\/04\/sim-solutions.png"},{"@type":"BreadcrumbList","@id":"https:\/\/www.ho-bros.com\/sim-solutions\/#breadcrumb","itemListElement":[{"@type":"ListItem","position":1,"name":"Home","item":"https:\/\/www.ho-bros.com\/"},{"@type":"ListItem","position":2,"name":"SIM Solutions"}]},{"@type":"WebSite","@id":"https:\/\/www.ho-bros.com\/#website","url":"https:\/\/www.ho-bros.com\/","name":"Ho&Bros","description":"","potentialAction":[{"@type":"SearchAction","target":{"@type":"EntryPoint","urlTemplate":"https:\/\/www.ho-bros.com\/?s={search_term_string}"},"query-input":{"@type":"PropertyValueSpecification","valueRequired":true,"valueName":"search_term_string"}}],"inLanguage":"fr-FR"}]}},"_links":{"self":[{"href":"https:\/\/www.ho-bros.com\/fr\/wp-json\/wp\/v2\/pages\/8008","targetHints":{"allow":["GET"]}}],"collection":[{"href":"https:\/\/www.ho-bros.com\/fr\/wp-json\/wp\/v2\/pages"}],"about":[{"href":"https:\/\/www.ho-bros.com\/fr\/wp-json\/wp\/v2\/types\/page"}],"author":[{"embeddable":true,"href":"https:\/\/www.ho-bros.com\/fr\/wp-json\/wp\/v2\/users\/2"}],"replies":[{"embeddable":true,"href":"https:\/\/www.ho-bros.com\/fr\/wp-json\/wp\/v2\/comments?post=8008"}],"version-history":[{"count":58,"href":"https:\/\/www.ho-bros.com\/fr\/wp-json\/wp\/v2\/pages\/8008\/revisions"}],"predecessor-version":[{"id":8628,"href":"https:\/\/www.ho-bros.com\/fr\/wp-json\/wp\/v2\/pages\/8008\/revisions\/8628"}],"wp:attachment":[{"href":"https:\/\/www.ho-bros.com\/fr\/wp-json\/wp\/v2\/media?parent=8008"}],"curies":[{"name":"wp","href":"https:\/\/api.w.org\/{rel}","templated":true}]}}