{"id":8049,"date":"2025-04-22T13:53:48","date_gmt":"2025-04-22T05:53:48","guid":{"rendered":"https:\/\/www.ho-bros.com\/?page_id=8049"},"modified":"2025-05-08T09:38:55","modified_gmt":"2025-05-08T01:38:55","slug":"rsp-solutions","status":"publish","type":"page","link":"https:\/\/www.ho-bros.com\/fr\/rsp-solutions\/","title":{"rendered":"RSP"},"content":{"rendered":"<div data-elementor-type=\"wp-page\" data-elementor-id=\"8049\" class=\"elementor elementor-8049\" data-elementor-post-type=\"page\">\n\t\t\t\t<div class=\"elementor-element elementor-element-047e133 e-flex e-con-boxed e-con e-parent\" data-id=\"047e133\" data-element_type=\"container\">\n\t\t\t\t\t<div class=\"e-con-inner\">\n\t\t<div class=\"elementor-element elementor-element-9573eda e-con-full e-flex e-con e-child\" data-id=\"9573eda\" data-element_type=\"container\">\n\t\t<div class=\"elementor-element elementor-element-4e06f35 e-con-full e-flex e-con e-child\" data-id=\"4e06f35\" data-element_type=\"container\">\n\t\t\t\t<div class=\"elementor-element elementor-element-5b8024c elementor-widget elementor-widget-image\" data-id=\"5b8024c\" data-element_type=\"widget\" data-widget_type=\"image.default\">\n\t\t\t\t<div class=\"elementor-widget-container\">\n\t\t\t\t\t\t\t\t\t\t\t\t\t<img decoding=\"async\" width=\"178\" height=\"37\" src=\"https:\/\/www.ho-bros.com\/wp-content\/uploads\/2025\/04\/LigaFort-SIM-RSP.png\" class=\"attachment-large size-large wp-image-8051\" alt=\"\" srcset=\"https:\/\/www.ho-bros.com\/wp-content\/uploads\/2025\/04\/LigaFort-SIM-RSP.png 178w, https:\/\/www.ho-bros.com\/wp-content\/uploads\/2025\/04\/LigaFort-SIM-RSP-18x4.png 18w\" sizes=\"(max-width: 178px) 100vw, 178px\" \/>\t\t\t\t\t\t\t\t\t\t\t\t\t<\/div>\n\t\t\t\t<\/div>\n\t\t\t\t<\/div>\n\t\t\t\t<div class=\"elementor-element elementor-element-1a4e6ac elementor-widget elementor-widget-title\" data-id=\"1a4e6ac\" data-element_type=\"widget\" data-widget_type=\"title.default\">\n\t\t\t\t<div class=\"elementor-widget-container\">\n\t\t\t\r\n        <div class=\"theme-title\">\r\n          <h6>LigaFort \u2013 Plateforme RSP (Remote SIM Provisioning)<\/h6>\r\n          <h2>Conforme aux normes GSMA SAS-SM, notre serveur RSP r\u00e9pond aux exigences les plus strictes de l'industrie en mati\u00e8re de s\u00e9curit\u00e9, de fiabilit\u00e9 et de performance.\nNous offrons une gestion compl\u00e8te des services eSIM : approvisionnement, gestion et contr\u00f4le du cycle de vie des profils eSIM.<\/h2>\r\n           \r\n        <\/div>\r\n        \t\t<\/div>\n\t\t\t\t<\/div>\n\t\t<div class=\"elementor-element elementor-element-96077ae e-con-full e-flex e-con e-child\" data-id=\"96077ae\" data-element_type=\"container\">\n\t\t<div class=\"elementor-element elementor-element-18db708 e-con-full e-flex e-con e-child\" data-id=\"18db708\" data-element_type=\"container\">\n\t\t<div class=\"elementor-element elementor-element-8511472 e-con-full e-flex e-con e-child\" data-id=\"8511472\" data-element_type=\"container\">\n\t\t\t\t<div class=\"elementor-element elementor-element-f7df62f elementor-widget elementor-widget-heading\" data-id=\"f7df62f\" data-element_type=\"widget\" data-widget_type=\"heading.default\">\n\t\t\t\t<div class=\"elementor-widget-container\">\n\t\t\t<span class=\"elementor-heading-title elementor-size-default\">Avantages du RSP<\/span>\t\t<\/div>\n\t\t\t\t<\/div>\n\t\t\t\t<div class=\"elementor-element elementor-element-9d3af70 elementor-widget elementor-widget-text-editor\" data-id=\"9d3af70\" data-element_type=\"widget\" data-widget_type=\"text-editor.default\">\n\t\t\t\t<div class=\"elementor-widget-container\">\n\t\t\t\t\t\t\t<ul><li>Provisionnement \u00e0 distance simplifi\u00e9<\/li><li>Gestion cloud s\u00e9curis\u00e9e<\/li><li>Connectivit\u00e9 mondiale<\/li><\/ul>\t\t\t\t\t\t<\/div>\n\t\t\t\t<\/div>\n\t\t\t\t<\/div>\n\t\t\t\t<\/div>\n\t\t<div class=\"elementor-element elementor-element-4a297b0 e-con-full e-flex e-con e-child\" data-id=\"4a297b0\" data-element_type=\"container\">\n\t\t<div class=\"elementor-element elementor-element-ea93782 e-con-full e-flex e-con e-child\" data-id=\"ea93782\" data-element_type=\"container\">\n\t\t\t\t<div class=\"elementor-element elementor-element-0f8fe12 elementor-widget elementor-widget-heading\" data-id=\"0f8fe12\" data-element_type=\"widget\" data-widget_type=\"heading.default\">\n\t\t\t\t<div class=\"elementor-widget-container\">\n\t\t\t<span class=\"elementor-heading-title elementor-size-default\">Compatibilit\u00e9 \u00e9tendue<\/span>\t\t<\/div>\n\t\t\t\t<\/div>\n\t\t\t\t<div class=\"elementor-element elementor-element-31074d3 elementor-widget elementor-widget-text-editor\" data-id=\"31074d3\" data-element_type=\"widget\" data-widget_type=\"text-editor.default\">\n\t\t\t\t<div class=\"elementor-widget-container\">\n\t\t\t\t\t\t\t<ul><li>Adapt\u00e9 \u00e0 une large gamme d'appareils connect\u00e9s<\/li><li>Con\u00e7u pour les applications industrielles, M2M et IoT\nOptions de connectivit\u00e9 sur mesure<\/li><li>Format miniaturis\u00e9 pour les dispositifs compacts<\/li><\/ul>\t\t\t\t\t\t<\/div>\n\t\t\t\t<\/div>\n\t\t\t\t<\/div>\n\t\t\t\t<\/div>\n\t\t\t\t<\/div>\n\t\t<div class=\"elementor-element elementor-element-af265e0 e-con-full e-flex e-con e-child\" data-id=\"af265e0\" data-element_type=\"container\">\n\t\t<div class=\"elementor-element elementor-element-20a6404 e-con-full e-flex e-con e-child\" data-id=\"20a6404\" data-element_type=\"container\">\n\t\t<div class=\"elementor-element elementor-element-4ce645f e-con-full e-flex e-con e-child\" data-id=\"4ce645f\" data-element_type=\"container\">\n\t\t\t\t<div class=\"elementor-element elementor-element-654c8af elementor-widget elementor-widget-heading\" data-id=\"654c8af\" data-element_type=\"widget\" data-widget_type=\"heading.default\">\n\t\t\t\t<div class=\"elementor-widget-container\">\n\t\t\t<span class=\"elementor-heading-title elementor-size-default\">Fiable et efficace<\/span>\t\t<\/div>\n\t\t\t\t<\/div>\n\t\t\t\t<div class=\"elementor-element elementor-element-9989d16 elementor-widget elementor-widget-text-editor\" data-id=\"9989d16\" data-element_type=\"widget\" data-widget_type=\"text-editor.default\">\n\t\t\t\t<div class=\"elementor-widget-container\">\n\t\t\t\t\t\t\t<ul><li>Facturation simplifi\u00e9e<\/li><li>Gestion centralis\u00e9e des contenus<\/li><li>Supervision en temps r\u00e9el<\/li><\/ul>\t\t\t\t\t\t<\/div>\n\t\t\t\t<\/div>\n\t\t\t\t<\/div>\n\t\t\t\t<\/div>\n\t\t<div class=\"elementor-element elementor-element-8ed6a8e e-con-full e-flex e-con e-child\" data-id=\"8ed6a8e\" data-element_type=\"container\">\n\t\t<div class=\"elementor-element elementor-element-40ba926 e-con-full e-flex e-con e-child\" data-id=\"40ba926\" data-element_type=\"container\">\n\t\t\t\t<div class=\"elementor-element elementor-element-04dfead elementor-widget elementor-widget-heading\" data-id=\"04dfead\" data-element_type=\"widget\" data-widget_type=\"heading.default\">\n\t\t\t\t<div class=\"elementor-widget-container\">\n\t\t\t<span class=\"elementor-heading-title elementor-size-default\">Une solution plus \u00e9cologique<\/span>\t\t<\/div>\n\t\t\t\t<\/div>\n\t\t\t\t<div class=\"elementor-element elementor-element-e889415 elementor-widget elementor-widget-text-editor\" data-id=\"e889415\" data-element_type=\"widget\" data-widget_type=\"text-editor.default\">\n\t\t\t\t<div class=\"elementor-widget-container\">\n\t\t\t\t\t\t\t<ul><li>\u00c9limination des cartes SIM physiques<\/li><li>Reduce electronic wastes and plastic pollution<\/li><\/ul>\t\t\t\t\t\t<\/div>\n\t\t\t\t<\/div>\n\t\t\t\t<\/div>\n\t\t\t\t<\/div>\n\t\t\t\t<\/div>\n\t\t\t\t<\/div>\n\t\t<div class=\"elementor-element elementor-element-ea8f65c e-con-full e-flex e-con e-child\" data-id=\"ea8f65c\" data-element_type=\"container\">\n\t\t\t\t<div class=\"elementor-element elementor-element-5c876a3 elementor-widget elementor-widget-image\" data-id=\"5c876a3\" data-element_type=\"widget\" data-widget_type=\"image.default\">\n\t\t\t\t<div class=\"elementor-widget-container\">\n\t\t\t\t\t\t\t\t\t\t\t\t\t<img fetchpriority=\"high\" decoding=\"async\" width=\"1170\" height=\"780\" src=\"https:\/\/www.ho-bros.com\/wp-content\/uploads\/2025\/04\/LIGAFORT-SIM-RSP.jpg\" class=\"attachment-full size-full wp-image-8497\" alt=\"\" srcset=\"https:\/\/www.ho-bros.com\/wp-content\/uploads\/2025\/04\/LIGAFORT-SIM-RSP.jpg 1170w, https:\/\/www.ho-bros.com\/wp-content\/uploads\/2025\/04\/LIGAFORT-SIM-RSP-300x200.jpg 300w, https:\/\/www.ho-bros.com\/wp-content\/uploads\/2025\/04\/LIGAFORT-SIM-RSP-1024x683.jpg 1024w, https:\/\/www.ho-bros.com\/wp-content\/uploads\/2025\/04\/LIGAFORT-SIM-RSP-768x512.jpg 768w, https:\/\/www.ho-bros.com\/wp-content\/uploads\/2025\/04\/LIGAFORT-SIM-RSP-18x12.jpg 18w\" sizes=\"(max-width: 1170px) 100vw, 1170px\" \/>\t\t\t\t\t\t\t\t\t\t\t\t\t<\/div>\n\t\t\t\t<\/div>\n\t\t\t\t<\/div>\n\t\t\t\t\t<\/div>\n\t\t\t\t<\/div>\n\t\t\t\t<\/div>","protected":false},"excerpt":{"rendered":"<p>LigaFort-SIM RSP In compliance with GSMA SAS-SM standards, our RSP server adheres to the highest industry benchmarks for security, reliability, and performance. We deliver comprehensive eSIM management services, encompassing profile provisioning, lifecycle management, and real-time operational control. Remote SIM Provisioning Easy deployment and management Cloud services Global connectivity loT Devices Connectivity Adoptable for loT applications [&hellip;]<\/p>","protected":false},"author":2,"featured_media":0,"parent":0,"menu_order":0,"comment_status":"closed","ping_status":"closed","template":"","meta":{"_acf_changed":false,"inline_featured_image":false,"footnotes":""},"class_list":["post-8049","page","type-page","status-publish","hentry"],"acf":[],"yoast_head":"<!-- This site is optimized with the Yoast SEO plugin v24.0 - https:\/\/yoast.com\/wordpress\/plugins\/seo\/ -->\n<title>RSP Solutions - Ho&amp;Bros<\/title>\n<meta name=\"description\" content=\"RSP Solutions\" \/>\n<meta name=\"robots\" content=\"index, follow, max-snippet:-1, max-image-preview:large, max-video-preview:-1\" \/>\n<link rel=\"canonical\" href=\"https:\/\/www.ho-bros.com\/fr\/rsp-solutions\/\" \/>\n<meta property=\"og:locale\" content=\"fr_FR\" \/>\n<meta property=\"og:type\" content=\"article\" \/>\n<meta property=\"og:title\" content=\"RSP Solutions - Ho&amp;Bros\" \/>\n<meta property=\"og:description\" content=\"RSP Solutions\" \/>\n<meta property=\"og:url\" content=\"https:\/\/www.ho-bros.com\/fr\/rsp-solutions\/\" \/>\n<meta property=\"og:site_name\" content=\"Ho&amp;Bros\" \/>\n<meta property=\"article:modified_time\" content=\"2025-05-08T01:38:55+00:00\" \/>\n<meta property=\"og:image\" content=\"https:\/\/www.ho-bros.com\/wp-content\/uploads\/2025\/04\/LigaFort-SIM-RSP.png\" \/>\n\t<meta property=\"og:image:width\" content=\"178\" \/>\n\t<meta property=\"og:image:height\" content=\"37\" \/>\n\t<meta property=\"og:image:type\" content=\"image\/png\" \/>\n<meta name=\"twitter:card\" content=\"summary_large_image\" \/>\n<meta name=\"twitter:label1\" content=\"Dur\u00e9e de lecture estim\u00e9e\" \/>\n\t<meta name=\"twitter:data1\" content=\"1 minute\" \/>\n<script type=\"application\/ld+json\" class=\"yoast-schema-graph\">{\"@context\":\"https:\/\/schema.org\",\"@graph\":[{\"@type\":\"WebPage\",\"@id\":\"https:\/\/www.ho-bros.com\/rsp-solutions\/\",\"url\":\"https:\/\/www.ho-bros.com\/rsp-solutions\/\",\"name\":\"RSP Solutions - Ho&amp;Bros\",\"isPartOf\":{\"@id\":\"https:\/\/www.ho-bros.com\/#website\"},\"primaryImageOfPage\":{\"@id\":\"https:\/\/www.ho-bros.com\/rsp-solutions\/#primaryimage\"},\"image\":{\"@id\":\"https:\/\/www.ho-bros.com\/rsp-solutions\/#primaryimage\"},\"thumbnailUrl\":\"https:\/\/www.ho-bros.com\/wp-content\/uploads\/2025\/04\/LigaFort-SIM-RSP.png\",\"datePublished\":\"2025-04-22T05:53:48+00:00\",\"dateModified\":\"2025-05-08T01:38:55+00:00\",\"description\":\"RSP Solutions\",\"breadcrumb\":{\"@id\":\"https:\/\/www.ho-bros.com\/rsp-solutions\/#breadcrumb\"},\"inLanguage\":\"fr-FR\",\"potentialAction\":[{\"@type\":\"ReadAction\",\"target\":[\"https:\/\/www.ho-bros.com\/rsp-solutions\/\"]}]},{\"@type\":\"ImageObject\",\"inLanguage\":\"fr-FR\",\"@id\":\"https:\/\/www.ho-bros.com\/rsp-solutions\/#primaryimage\",\"url\":\"https:\/\/www.ho-bros.com\/wp-content\/uploads\/2025\/04\/LigaFort-SIM-RSP.png\",\"contentUrl\":\"https:\/\/www.ho-bros.com\/wp-content\/uploads\/2025\/04\/LigaFort-SIM-RSP.png\"},{\"@type\":\"BreadcrumbList\",\"@id\":\"https:\/\/www.ho-bros.com\/rsp-solutions\/#breadcrumb\",\"itemListElement\":[{\"@type\":\"ListItem\",\"position\":1,\"name\":\"Home\",\"item\":\"https:\/\/www.ho-bros.com\/\"},{\"@type\":\"ListItem\",\"position\":2,\"name\":\"RSP Solutions\"}]},{\"@type\":\"WebSite\",\"@id\":\"https:\/\/www.ho-bros.com\/#website\",\"url\":\"https:\/\/www.ho-bros.com\/\",\"name\":\"Ho&Bros\",\"description\":\"\",\"potentialAction\":[{\"@type\":\"SearchAction\",\"target\":{\"@type\":\"EntryPoint\",\"urlTemplate\":\"https:\/\/www.ho-bros.com\/?s={search_term_string}\"},\"query-input\":{\"@type\":\"PropertyValueSpecification\",\"valueRequired\":true,\"valueName\":\"search_term_string\"}}],\"inLanguage\":\"fr-FR\"}]}<\/script>\n<!-- \/ Yoast SEO plugin. -->","yoast_head_json":{"title":"RSP Solutions - Ho&amp;Bros","description":"RSP Solutions","robots":{"index":"index","follow":"follow","max-snippet":"max-snippet:-1","max-image-preview":"max-image-preview:large","max-video-preview":"max-video-preview:-1"},"canonical":"https:\/\/www.ho-bros.com\/fr\/rsp-solutions\/","og_locale":"fr_FR","og_type":"article","og_title":"RSP Solutions - Ho&amp;Bros","og_description":"RSP Solutions","og_url":"https:\/\/www.ho-bros.com\/fr\/rsp-solutions\/","og_site_name":"Ho&amp;Bros","article_modified_time":"2025-05-08T01:38:55+00:00","og_image":[{"width":178,"height":37,"url":"https:\/\/www.ho-bros.com\/wp-content\/uploads\/2025\/04\/LigaFort-SIM-RSP.png","type":"image\/png"}],"twitter_card":"summary_large_image","twitter_misc":{"Dur\u00e9e de lecture estim\u00e9e":"1 minute"},"schema":{"@context":"https:\/\/schema.org","@graph":[{"@type":"WebPage","@id":"https:\/\/www.ho-bros.com\/rsp-solutions\/","url":"https:\/\/www.ho-bros.com\/rsp-solutions\/","name":"RSP Solutions - Ho&amp;Bros","isPartOf":{"@id":"https:\/\/www.ho-bros.com\/#website"},"primaryImageOfPage":{"@id":"https:\/\/www.ho-bros.com\/rsp-solutions\/#primaryimage"},"image":{"@id":"https:\/\/www.ho-bros.com\/rsp-solutions\/#primaryimage"},"thumbnailUrl":"https:\/\/www.ho-bros.com\/wp-content\/uploads\/2025\/04\/LigaFort-SIM-RSP.png","datePublished":"2025-04-22T05:53:48+00:00","dateModified":"2025-05-08T01:38:55+00:00","description":"RSP Solutions","breadcrumb":{"@id":"https:\/\/www.ho-bros.com\/rsp-solutions\/#breadcrumb"},"inLanguage":"fr-FR","potentialAction":[{"@type":"ReadAction","target":["https:\/\/www.ho-bros.com\/rsp-solutions\/"]}]},{"@type":"ImageObject","inLanguage":"fr-FR","@id":"https:\/\/www.ho-bros.com\/rsp-solutions\/#primaryimage","url":"https:\/\/www.ho-bros.com\/wp-content\/uploads\/2025\/04\/LigaFort-SIM-RSP.png","contentUrl":"https:\/\/www.ho-bros.com\/wp-content\/uploads\/2025\/04\/LigaFort-SIM-RSP.png"},{"@type":"BreadcrumbList","@id":"https:\/\/www.ho-bros.com\/rsp-solutions\/#breadcrumb","itemListElement":[{"@type":"ListItem","position":1,"name":"Home","item":"https:\/\/www.ho-bros.com\/"},{"@type":"ListItem","position":2,"name":"RSP Solutions"}]},{"@type":"WebSite","@id":"https:\/\/www.ho-bros.com\/#website","url":"https:\/\/www.ho-bros.com\/","name":"Ho&Bros","description":"","potentialAction":[{"@type":"SearchAction","target":{"@type":"EntryPoint","urlTemplate":"https:\/\/www.ho-bros.com\/?s={search_term_string}"},"query-input":{"@type":"PropertyValueSpecification","valueRequired":true,"valueName":"search_term_string"}}],"inLanguage":"fr-FR"}]}},"_links":{"self":[{"href":"https:\/\/www.ho-bros.com\/fr\/wp-json\/wp\/v2\/pages\/8049","targetHints":{"allow":["GET"]}}],"collection":[{"href":"https:\/\/www.ho-bros.com\/fr\/wp-json\/wp\/v2\/pages"}],"about":[{"href":"https:\/\/www.ho-bros.com\/fr\/wp-json\/wp\/v2\/types\/page"}],"author":[{"embeddable":true,"href":"https:\/\/www.ho-bros.com\/fr\/wp-json\/wp\/v2\/users\/2"}],"replies":[{"embeddable":true,"href":"https:\/\/www.ho-bros.com\/fr\/wp-json\/wp\/v2\/comments?post=8049"}],"version-history":[{"count":25,"href":"https:\/\/www.ho-bros.com\/fr\/wp-json\/wp\/v2\/pages\/8049\/revisions"}],"predecessor-version":[{"id":8637,"href":"https:\/\/www.ho-bros.com\/fr\/wp-json\/wp\/v2\/pages\/8049\/revisions\/8637"}],"wp:attachment":[{"href":"https:\/\/www.ho-bros.com\/fr\/wp-json\/wp\/v2\/media?parent=8049"}],"curies":[{"name":"wp","href":"https:\/\/api.w.org\/{rel}","templated":true}]}}