{"id":8056,"date":"2025-04-22T14:31:17","date_gmt":"2025-04-22T06:31:17","guid":{"rendered":"https:\/\/www.ho-bros.com\/?page_id=8056"},"modified":"2025-05-08T09:53:41","modified_gmt":"2025-05-08T01:53:41","slug":"card-management","status":"publish","type":"page","link":"https:\/\/www.ho-bros.com\/fr\/card-management\/","title":{"rendered":"Gestion De La Carte"},"content":{"rendered":"<div data-elementor-type=\"wp-page\" data-elementor-id=\"8056\" class=\"elementor elementor-8056\" data-elementor-post-type=\"page\">\n\t\t\t\t<div class=\"elementor-element elementor-element-047e133 e-flex e-con-boxed e-con e-parent\" data-id=\"047e133\" data-element_type=\"container\">\n\t\t\t\t\t<div class=\"e-con-inner\">\n\t\t<div class=\"elementor-element elementor-element-9573eda e-con-full e-flex e-con e-child\" data-id=\"9573eda\" data-element_type=\"container\">\n\t\t\t\t<div class=\"elementor-element elementor-element-1a4e6ac elementor-widget elementor-widget-title\" data-id=\"1a4e6ac\" data-element_type=\"widget\" data-widget_type=\"title.default\">\n\t\t\t\t<div class=\"elementor-widget-container\">\n\t\t\t\r\n        <div class=\"theme-title\">\r\n          <h6>GESTION DE CARTES DE BOUT EN BOUT<\/h6>\r\n          <h2>En tant que fournisseur de solutions de bout en bout, nous supervisons l\u2019ensemble du cycle de vie \u2014 de la fabrication du produit \u00e0 l\u2019\u00e9mission finale \u00e0 l'utilisateur \u2014 en garantissant une efficacit\u00e9 optimis\u00e9e et des budgets ma\u00eetris\u00e9s pour permettre aux banques, fintechs et institutions financi\u00e8res d\u2019atteindre l\u2019excellence op\u00e9rationnelle.<\/h2>\r\n          <p><span style=\"color: #ffffff;\"><strong>Card Fullfillment | Personalization | Module | Inlays<\/strong><\/span><\/p> \r\n        <\/div>\r\n        \t\t<\/div>\n\t\t\t\t<\/div>\n\t\t<div class=\"elementor-element elementor-element-7d127b1 e-con-full e-flex e-con e-child\" data-id=\"7d127b1\" data-element_type=\"container\">\n\t\t<div class=\"elementor-element elementor-element-60870a7 e-con-full e-flex e-con e-child\" data-id=\"60870a7\" data-element_type=\"container\">\n\t\t<div class=\"elementor-element elementor-element-e54215f e-con-full e-flex e-con e-child\" data-id=\"e54215f\" data-element_type=\"container\">\n\t\t\t\t<div class=\"elementor-element elementor-element-06a26d0 elementor-view-default elementor-widget elementor-widget-icon\" data-id=\"06a26d0\" data-element_type=\"widget\" data-widget_type=\"icon.default\">\n\t\t\t\t<div class=\"elementor-widget-container\">\n\t\t\t\t\t<div class=\"elementor-icon-wrapper\">\n\t\t\t<div class=\"elementor-icon\">\n\t\t\t<i aria-hidden=\"true\" class=\"icon icon-tagplant\"><\/i>\t\t\t<\/div>\n\t\t<\/div>\n\t\t\t\t<\/div>\n\t\t\t\t<\/div>\n\t\t\t\t<\/div>\n\t\t<div class=\"elementor-element elementor-element-60105f0 e-con-full e-flex e-con e-child\" data-id=\"60105f0\" data-element_type=\"container\">\n\t\t\t\t<div class=\"elementor-element elementor-element-1cd5fcf elementor-widget elementor-widget-heading\" data-id=\"1cd5fcf\" data-element_type=\"widget\" data-widget_type=\"heading.default\">\n\t\t\t\t<div class=\"elementor-widget-container\">\n\t\t\t<span class=\"elementor-heading-title elementor-size-default\">Fabrication de Cartes<\/span>\t\t<\/div>\n\t\t\t\t<\/div>\n\t\t\t\t<div class=\"elementor-element elementor-element-789bac0 elementor-widget elementor-widget-text-editor\" data-id=\"789bac0\" data-element_type=\"widget\" data-widget_type=\"text-editor.default\">\n\t\t\t\t<div class=\"elementor-widget-container\">\n\t\t\t\t\t\t\t<p>Production \u00e0 grande \u00e9chelle et \u00e0 la demande, favorisant la satisfaction client.<\/p>\t\t\t\t\t\t<\/div>\n\t\t\t\t<\/div>\n\t\t\t\t<\/div>\n\t\t\t\t<\/div>\n\t\t<div class=\"elementor-element elementor-element-7fb32a3 e-con-full e-flex e-con e-child\" data-id=\"7fb32a3\" data-element_type=\"container\">\n\t\t<div class=\"elementor-element elementor-element-554434a e-con-full e-flex e-con e-child\" data-id=\"554434a\" data-element_type=\"container\">\n\t\t\t\t<div class=\"elementor-element elementor-element-d1f68bf elementor-view-default elementor-widget elementor-widget-icon\" data-id=\"d1f68bf\" data-element_type=\"widget\" data-widget_type=\"icon.default\">\n\t\t\t\t<div class=\"elementor-widget-container\">\n\t\t\t\t\t<div class=\"elementor-icon-wrapper\">\n\t\t\t<div class=\"elementor-icon\">\n\t\t\t<i aria-hidden=\"true\" class=\"icon icon-jiaoyiyinhang\"><\/i>\t\t\t<\/div>\n\t\t<\/div>\n\t\t\t\t<\/div>\n\t\t\t\t<\/div>\n\t\t\t\t<\/div>\n\t\t<div class=\"elementor-element elementor-element-d2f752a e-con-full e-flex e-con e-child\" data-id=\"d2f752a\" data-element_type=\"container\">\n\t\t\t\t<div class=\"elementor-element elementor-element-49c9269 elementor-widget elementor-widget-heading\" data-id=\"49c9269\" data-element_type=\"widget\" data-widget_type=\"heading.default\">\n\t\t\t\t<div class=\"elementor-widget-container\">\n\t\t\t<span class=\"elementor-heading-title elementor-size-default\">\u00c9mission<\/span>\t\t<\/div>\n\t\t\t\t<\/div>\n\t\t\t\t<div class=\"elementor-element elementor-element-52d6219 elementor-widget elementor-widget-text-editor\" data-id=\"52d6219\" data-element_type=\"widget\" data-widget_type=\"text-editor.default\">\n\t\t\t\t<div class=\"elementor-widget-container\">\n\t\t\t\t\t\t\t<p>Solutions syst\u00e8me int\u00e9gr\u00e9es pour l\u2019\u00e9mission de cartes, assurant une connexion fluide entre les banques et les d\u00e9tenteurs de cartes.<\/p>\t\t\t\t\t\t<\/div>\n\t\t\t\t<\/div>\n\t\t\t\t<\/div>\n\t\t\t\t<\/div>\n\t\t\t\t<\/div>\n\t\t\t\t<\/div>\n\t\t<div class=\"elementor-element elementor-element-ea8f65c e-con-full e-flex e-con e-child\" data-id=\"ea8f65c\" data-element_type=\"container\">\n\t\t<div class=\"elementor-element elementor-element-00ddb62 e-con-full e-flex e-con e-child\" data-id=\"00ddb62\" data-element_type=\"container\">\n\t\t<div class=\"elementor-element elementor-element-504ca15 e-con-full e-flex e-con e-child\" data-id=\"504ca15\" data-element_type=\"container\">\n\t\t<div class=\"elementor-element elementor-element-7e88025 e-con-full e-flex e-con e-child\" data-id=\"7e88025\" data-element_type=\"container\">\n\t\t\t\t<div class=\"elementor-element elementor-element-23d31e1 elementor-view-default elementor-widget elementor-widget-icon\" data-id=\"23d31e1\" data-element_type=\"widget\" data-widget_type=\"icon.default\">\n\t\t\t\t<div class=\"elementor-widget-container\">\n\t\t\t\t\t<div class=\"elementor-icon-wrapper\">\n\t\t\t<div class=\"elementor-icon\">\n\t\t\t<i aria-hidden=\"true\" class=\"icon icon-taggh\"><\/i>\t\t\t<\/div>\n\t\t<\/div>\n\t\t\t\t<\/div>\n\t\t\t\t<\/div>\n\t\t\t\t<\/div>\n\t\t<div class=\"elementor-element elementor-element-2be33ee e-con-full e-flex e-con e-child\" data-id=\"2be33ee\" data-element_type=\"container\">\n\t\t\t\t<div class=\"elementor-element elementor-element-13171c3 elementor-widget elementor-widget-heading\" data-id=\"13171c3\" data-element_type=\"widget\" data-widget_type=\"heading.default\">\n\t\t\t\t<div class=\"elementor-widget-container\">\n\t\t\t<span class=\"elementor-heading-title elementor-size-default\">Solutions en Marque Blanche<\/span>\t\t<\/div>\n\t\t\t\t<\/div>\n\t\t\t\t<div class=\"elementor-element elementor-element-7b00808 elementor-widget elementor-widget-text-editor\" data-id=\"7b00808\" data-element_type=\"widget\" data-widget_type=\"text-editor.default\">\n\t\t\t\t<div class=\"elementor-widget-container\">\n\t\t\t\t\t\t\t<ul><li>Puces EMV<\/li><li>D\u00e9ploiement rapide<\/li><\/ul>\t\t\t\t\t\t<\/div>\n\t\t\t\t<\/div>\n\t\t\t\t<\/div>\n\t\t\t\t<\/div>\n\t\t<div class=\"elementor-element elementor-element-dca4576 e-con-full e-flex e-con e-child\" data-id=\"dca4576\" data-element_type=\"container\">\n\t\t<div class=\"elementor-element elementor-element-5f9ecdf e-con-full e-flex e-con e-child\" data-id=\"5f9ecdf\" data-element_type=\"container\">\n\t\t\t\t<div class=\"elementor-element elementor-element-bdf9307 elementor-view-default elementor-widget elementor-widget-icon\" data-id=\"bdf9307\" data-element_type=\"widget\" data-widget_type=\"icon.default\">\n\t\t\t\t<div class=\"elementor-widget-container\">\n\t\t\t\t\t<div class=\"elementor-icon-wrapper\">\n\t\t\t<div class=\"elementor-icon\">\n\t\t\t<i aria-hidden=\"true\" class=\"fas fa-pencil-ruler\"><\/i>\t\t\t<\/div>\n\t\t<\/div>\n\t\t\t\t<\/div>\n\t\t\t\t<\/div>\n\t\t\t\t<\/div>\n\t\t<div class=\"elementor-element elementor-element-ceb5ac5 e-con-full e-flex e-con e-child\" data-id=\"ceb5ac5\" data-element_type=\"container\">\n\t\t\t\t<div class=\"elementor-element elementor-element-86c4b7e elementor-widget elementor-widget-heading\" data-id=\"86c4b7e\" data-element_type=\"widget\" data-widget_type=\"heading.default\">\n\t\t\t\t<div class=\"elementor-widget-container\">\n\t\t\t<span class=\"elementor-heading-title elementor-size-default\">Support de Conception<\/span>\t\t<\/div>\n\t\t\t\t<\/div>\n\t\t\t\t<div class=\"elementor-element elementor-element-d94f712 elementor-widget elementor-widget-text-editor\" data-id=\"d94f712\" data-element_type=\"widget\" data-widget_type=\"text-editor.default\">\n\t\t\t\t<div class=\"elementor-widget-container\">\n\t\t\t\t\t\t\t<ul><li>Support en conception graphique<\/li><li>Support de script<\/li><\/ul>\t\t\t\t\t\t<\/div>\n\t\t\t\t<\/div>\n\t\t\t\t<\/div>\n\t\t\t\t<\/div>\n\t\t\t\t<\/div>\n\t\t<div class=\"elementor-element elementor-element-55f5588 e-con-full e-flex e-con e-child\" data-id=\"55f5588\" data-element_type=\"container\">\n\t\t<div class=\"elementor-element elementor-element-5302f35 e-flex e-con-boxed e-con e-child\" data-id=\"5302f35\" data-element_type=\"container\">\n\t\t\t\t\t<div class=\"e-con-inner\">\n\t\t<div class=\"elementor-element elementor-element-0c92841 e-con-full e-flex e-con e-child\" data-id=\"0c92841\" data-element_type=\"container\">\n\t\t\t\t<div class=\"elementor-element elementor-element-efbcbf6 elementor-view-default elementor-widget elementor-widget-icon\" data-id=\"efbcbf6\" data-element_type=\"widget\" data-widget_type=\"icon.default\">\n\t\t\t\t<div class=\"elementor-widget-container\">\n\t\t\t\t\t<div class=\"elementor-icon-wrapper\">\n\t\t\t<div class=\"elementor-icon\">\n\t\t\t<i aria-hidden=\"true\" class=\"fas fa-layer-group\"><\/i>\t\t\t<\/div>\n\t\t<\/div>\n\t\t\t\t<\/div>\n\t\t\t\t<\/div>\n\t\t\t\t<\/div>\n\t\t<div class=\"elementor-element elementor-element-d544e06 e-flex e-con-boxed e-con e-child\" data-id=\"d544e06\" data-element_type=\"container\">\n\t\t\t\t\t<div class=\"e-con-inner\">\n\t\t\t\t<div class=\"elementor-element elementor-element-0807426 elementor-widget elementor-widget-heading\" data-id=\"0807426\" data-element_type=\"widget\" data-widget_type=\"heading.default\">\n\t\t\t\t<div class=\"elementor-widget-container\">\n\t\t\t<span class=\"elementor-heading-title elementor-size-default\">Solutions de Mat\u00e9riaux de Cartes<\/span>\t\t<\/div>\n\t\t\t\t<\/div>\n\t\t\t\t<div class=\"elementor-element elementor-element-bda764c elementor-widget elementor-widget-text-editor\" data-id=\"bda764c\" data-element_type=\"widget\" data-widget_type=\"text-editor.default\">\n\t\t\t\t<div class=\"elementor-widget-container\">\n\t\t\t\t\t\t\t<ul><li>Mat\u00e9riaux \u00e9cologiques<\/li><li>M\u00e9tal \/ M\u00e9tal hybride<\/li><li>C\u00e9ramique<\/li><li>LED<\/li><\/ul>\t\t\t\t\t\t<\/div>\n\t\t\t\t<\/div>\n\t\t\t\t\t<\/div>\n\t\t\t\t<\/div>\n\t\t\t\t\t<\/div>\n\t\t\t\t<\/div>\n\t\t<div class=\"elementor-element elementor-element-9d9bae5 e-con-full e-flex e-con e-child\" data-id=\"9d9bae5\" data-element_type=\"container\">\n\t\t<div class=\"elementor-element elementor-element-b7c13f2 e-con-full e-flex e-con e-child\" data-id=\"b7c13f2\" data-element_type=\"container\">\n\t\t\t\t<div class=\"elementor-element elementor-element-c6d50bd elementor-view-default elementor-widget elementor-widget-icon\" data-id=\"c6d50bd\" data-element_type=\"widget\" data-widget_type=\"icon.default\">\n\t\t\t\t<div class=\"elementor-widget-container\">\n\t\t\t\t\t<div class=\"elementor-icon-wrapper\">\n\t\t\t<div class=\"elementor-icon\">\n\t\t\t<i aria-hidden=\"true\" class=\"fas fa-qrcode\"><\/i>\t\t\t<\/div>\n\t\t<\/div>\n\t\t\t\t<\/div>\n\t\t\t\t<\/div>\n\t\t\t\t<\/div>\n\t\t<div class=\"elementor-element elementor-element-506fd44 e-con-full e-flex e-con e-child\" data-id=\"506fd44\" data-element_type=\"container\">\n\t\t\t\t<div class=\"elementor-element elementor-element-382f8d5 elementor-widget elementor-widget-heading\" data-id=\"382f8d5\" data-element_type=\"widget\" data-widget_type=\"heading.default\">\n\t\t\t\t<div class=\"elementor-widget-container\">\n\t\t\t<span class=\"elementor-heading-title elementor-size-default\">Fonctionnalit\u00e9s<\/span>\t\t<\/div>\n\t\t\t\t<\/div>\n\t\t\t\t<div class=\"elementor-element elementor-element-d964116 elementor-widget elementor-widget-text-editor\" data-id=\"d964116\" data-element_type=\"widget\" data-widget_type=\"text-editor.default\">\n\t\t\t\t<div class=\"elementor-widget-container\">\n\t\t\t\t\t\t\t<ul><li>Contact<\/li><li>Interface double<\/li><li>Sans contact<\/li><\/ul>\t\t\t\t\t\t<\/div>\n\t\t\t\t<\/div>\n\t\t\t\t<\/div>\n\t\t\t\t<\/div>\n\t\t\t\t<\/div>\n\t\t\t\t<\/div>\n\t\t\t\t\t<\/div>\n\t\t\t\t<\/div>\n\t\t\t\t<\/div>","protected":false},"excerpt":{"rendered":"<p>END TO END CARD MANAGEMENT As an End-to-End Solution Provider, we oversee the entire lifecycle, from product manufacturing to end-user issuance where we deliver streamlined efficlency and optimized budgets that empower Banks, Fintechs, and Financial Institutions to achieve operational excellence. Card Fullfillment | Personalization | Module | Inlays Card Manufacturing Large scale and on demand [&hellip;]<\/p>","protected":false},"author":2,"featured_media":0,"parent":0,"menu_order":0,"comment_status":"closed","ping_status":"closed","template":"","meta":{"_acf_changed":false,"inline_featured_image":false,"footnotes":""},"class_list":["post-8056","page","type-page","status-publish","hentry"],"acf":[],"yoast_head":"<!-- This site is optimized with the Yoast SEO plugin v24.0 - https:\/\/yoast.com\/wordpress\/plugins\/seo\/ -->\n<title>Card Management - Ho&amp;Bros<\/title>\n<meta name=\"description\" content=\"Card Management\" \/>\n<meta name=\"robots\" content=\"index, follow, max-snippet:-1, max-image-preview:large, max-video-preview:-1\" \/>\n<link rel=\"canonical\" href=\"https:\/\/www.ho-bros.com\/fr\/card-management\/\" \/>\n<meta property=\"og:locale\" content=\"fr_FR\" \/>\n<meta property=\"og:type\" content=\"article\" \/>\n<meta property=\"og:title\" content=\"Card Management - Ho&amp;Bros\" \/>\n<meta property=\"og:description\" content=\"Card Management\" \/>\n<meta property=\"og:url\" content=\"https:\/\/www.ho-bros.com\/fr\/card-management\/\" \/>\n<meta property=\"og:site_name\" content=\"Ho&amp;Bros\" \/>\n<meta property=\"article:modified_time\" content=\"2025-05-08T01:53:41+00:00\" \/>\n<meta name=\"twitter:card\" content=\"summary_large_image\" \/>\n<meta name=\"twitter:label1\" content=\"Dur\u00e9e de lecture estim\u00e9e\" \/>\n\t<meta name=\"twitter:data1\" content=\"1 minute\" \/>\n<script type=\"application\/ld+json\" class=\"yoast-schema-graph\">{\"@context\":\"https:\/\/schema.org\",\"@graph\":[{\"@type\":\"WebPage\",\"@id\":\"https:\/\/www.ho-bros.com\/card-management\/\",\"url\":\"https:\/\/www.ho-bros.com\/card-management\/\",\"name\":\"Card Management - Ho&amp;Bros\",\"isPartOf\":{\"@id\":\"https:\/\/www.ho-bros.com\/#website\"},\"datePublished\":\"2025-04-22T06:31:17+00:00\",\"dateModified\":\"2025-05-08T01:53:41+00:00\",\"description\":\"Card Management\",\"breadcrumb\":{\"@id\":\"https:\/\/www.ho-bros.com\/card-management\/#breadcrumb\"},\"inLanguage\":\"fr-FR\",\"potentialAction\":[{\"@type\":\"ReadAction\",\"target\":[\"https:\/\/www.ho-bros.com\/card-management\/\"]}]},{\"@type\":\"BreadcrumbList\",\"@id\":\"https:\/\/www.ho-bros.com\/card-management\/#breadcrumb\",\"itemListElement\":[{\"@type\":\"ListItem\",\"position\":1,\"name\":\"Home\",\"item\":\"https:\/\/www.ho-bros.com\/\"},{\"@type\":\"ListItem\",\"position\":2,\"name\":\"Card Management\"}]},{\"@type\":\"WebSite\",\"@id\":\"https:\/\/www.ho-bros.com\/#website\",\"url\":\"https:\/\/www.ho-bros.com\/\",\"name\":\"Ho&Bros\",\"description\":\"\",\"potentialAction\":[{\"@type\":\"SearchAction\",\"target\":{\"@type\":\"EntryPoint\",\"urlTemplate\":\"https:\/\/www.ho-bros.com\/?s={search_term_string}\"},\"query-input\":{\"@type\":\"PropertyValueSpecification\",\"valueRequired\":true,\"valueName\":\"search_term_string\"}}],\"inLanguage\":\"fr-FR\"}]}<\/script>\n<!-- \/ Yoast SEO plugin. -->","yoast_head_json":{"title":"Card Management - Ho&amp;Bros","description":"Card Management","robots":{"index":"index","follow":"follow","max-snippet":"max-snippet:-1","max-image-preview":"max-image-preview:large","max-video-preview":"max-video-preview:-1"},"canonical":"https:\/\/www.ho-bros.com\/fr\/card-management\/","og_locale":"fr_FR","og_type":"article","og_title":"Card Management - Ho&amp;Bros","og_description":"Card Management","og_url":"https:\/\/www.ho-bros.com\/fr\/card-management\/","og_site_name":"Ho&amp;Bros","article_modified_time":"2025-05-08T01:53:41+00:00","twitter_card":"summary_large_image","twitter_misc":{"Dur\u00e9e de lecture estim\u00e9e":"1 minute"},"schema":{"@context":"https:\/\/schema.org","@graph":[{"@type":"WebPage","@id":"https:\/\/www.ho-bros.com\/card-management\/","url":"https:\/\/www.ho-bros.com\/card-management\/","name":"Card Management - Ho&amp;Bros","isPartOf":{"@id":"https:\/\/www.ho-bros.com\/#website"},"datePublished":"2025-04-22T06:31:17+00:00","dateModified":"2025-05-08T01:53:41+00:00","description":"Card Management","breadcrumb":{"@id":"https:\/\/www.ho-bros.com\/card-management\/#breadcrumb"},"inLanguage":"fr-FR","potentialAction":[{"@type":"ReadAction","target":["https:\/\/www.ho-bros.com\/card-management\/"]}]},{"@type":"BreadcrumbList","@id":"https:\/\/www.ho-bros.com\/card-management\/#breadcrumb","itemListElement":[{"@type":"ListItem","position":1,"name":"Home","item":"https:\/\/www.ho-bros.com\/"},{"@type":"ListItem","position":2,"name":"Card Management"}]},{"@type":"WebSite","@id":"https:\/\/www.ho-bros.com\/#website","url":"https:\/\/www.ho-bros.com\/","name":"Ho&Bros","description":"","potentialAction":[{"@type":"SearchAction","target":{"@type":"EntryPoint","urlTemplate":"https:\/\/www.ho-bros.com\/?s={search_term_string}"},"query-input":{"@type":"PropertyValueSpecification","valueRequired":true,"valueName":"search_term_string"}}],"inLanguage":"fr-FR"}]}},"_links":{"self":[{"href":"https:\/\/www.ho-bros.com\/fr\/wp-json\/wp\/v2\/pages\/8056","targetHints":{"allow":["GET"]}}],"collection":[{"href":"https:\/\/www.ho-bros.com\/fr\/wp-json\/wp\/v2\/pages"}],"about":[{"href":"https:\/\/www.ho-bros.com\/fr\/wp-json\/wp\/v2\/types\/page"}],"author":[{"embeddable":true,"href":"https:\/\/www.ho-bros.com\/fr\/wp-json\/wp\/v2\/users\/2"}],"replies":[{"embeddable":true,"href":"https:\/\/www.ho-bros.com\/fr\/wp-json\/wp\/v2\/comments?post=8056"}],"version-history":[{"count":43,"href":"https:\/\/www.ho-bros.com\/fr\/wp-json\/wp\/v2\/pages\/8056\/revisions"}],"predecessor-version":[{"id":8648,"href":"https:\/\/www.ho-bros.com\/fr\/wp-json\/wp\/v2\/pages\/8056\/revisions\/8648"}],"wp:attachment":[{"href":"https:\/\/www.ho-bros.com\/fr\/wp-json\/wp\/v2\/media?parent=8056"}],"curies":[{"name":"wp","href":"https:\/\/api.w.org\/{rel}","templated":true}]}}