{"id":8075,"date":"2025-04-22T14:58:48","date_gmt":"2025-04-22T06:58:48","guid":{"rendered":"https:\/\/www.ho-bros.com\/?page_id=8075"},"modified":"2025-05-12T09:46:05","modified_gmt":"2025-05-12T01:46:05","slug":"system-solutions","status":"publish","type":"page","link":"https:\/\/www.ho-bros.com\/fr\/system-solutions\/","title":{"rendered":"L'\u00e9mission de carte"},"content":{"rendered":"<div data-elementor-type=\"wp-page\" data-elementor-id=\"8075\" class=\"elementor elementor-8075\" data-elementor-post-type=\"page\">\n\t\t\t\t<div class=\"elementor-element elementor-element-047e133 e-flex e-con-boxed e-con e-parent\" data-id=\"047e133\" data-element_type=\"container\">\n\t\t\t\t\t<div class=\"e-con-inner\">\n\t\t<div class=\"elementor-element elementor-element-9573eda e-con-full e-flex e-con e-child\" data-id=\"9573eda\" data-element_type=\"container\">\n\t\t<div class=\"elementor-element elementor-element-4e06f35 e-con-full e-flex e-con e-child\" data-id=\"4e06f35\" data-element_type=\"container\">\n\t\t\t\t<div class=\"elementor-element elementor-element-5b8024c elementor-widget elementor-widget-image\" data-id=\"5b8024c\" data-element_type=\"widget\" data-widget_type=\"image.default\">\n\t\t\t\t<div class=\"elementor-widget-container\">\n\t\t\t\t\t\t\t\t\t\t\t\t\t<img decoding=\"async\" width=\"212\" height=\"35\" src=\"https:\/\/www.ho-bros.com\/wp-content\/uploads\/2025\/04\/Lighthouse-CardFounder.png\" class=\"attachment-large size-large wp-image-8077\" alt=\"\" srcset=\"https:\/\/www.ho-bros.com\/wp-content\/uploads\/2025\/04\/Lighthouse-CardFounder.png 212w, https:\/\/www.ho-bros.com\/wp-content\/uploads\/2025\/04\/Lighthouse-CardFounder-18x3.png 18w\" sizes=\"(max-width: 212px) 100vw, 212px\" \/>\t\t\t\t\t\t\t\t\t\t\t\t\t<\/div>\n\t\t\t\t<\/div>\n\t\t\t\t<\/div>\n\t\t\t\t<div class=\"elementor-element elementor-element-1a4e6ac elementor-widget elementor-widget-title\" data-id=\"1a4e6ac\" data-element_type=\"widget\" data-widget_type=\"title.default\">\n\t\t\t\t<div class=\"elementor-widget-container\">\n\t\t\t\r\n        <div class=\"theme-title\">\r\n          <h6>SOLUTIONS SYST\u00c8ME<\/h6>\r\n          <h2>Solutions int\u00e9gr\u00e9es d\u2019\u00e9mission de cartes EMV, couvrant l\u2019ensemble du processus, de la collecte des donn\u00e9es KYC \u00e0 l\u2019impression des cartes, pour r\u00e9pondre aux besoins financiers modernes.\n<br\/><br\/>\nNotre syst\u00e8me, Lighthouse, permet l\u2019\u00e9mission instantan\u00e9e et centralis\u00e9e de cartes de paiement tout en garantissant la s\u00e9curit\u00e9 des informations via une gestion centralis\u00e9e des donn\u00e9es, des cl\u00e9s de s\u00e9curit\u00e9 et des syst\u00e8mes de chiffrement.<\/h2>\r\n          <p>\u00a0<\/p><p><strong><span style=\"color: #ffffff;\">Facteurs Cl\u00e9s<\/span><\/strong><\/p><p>\u00a0<\/p><ul><li><span style=\"color: #ffffff;\"> \u00c9mission \u00e0 la demande<\/span><\/li><li><span style=\"color: #ffffff;\">\u00c9mission \u00e0 grand volume<\/span><\/li><li><span style=\"color: #ffffff;\">Prise en charge de divers types de cartes\/profils provenant d'autres fournisseurs<\/span><\/li><li><span style=\"color: #ffffff;\">Optimisation des co\u00fbts<\/span><\/li><\/ul> \r\n        <\/div>\r\n        \t\t<\/div>\n\t\t\t\t<\/div>\n\t\t\t\t<\/div>\n\t\t<div class=\"elementor-element elementor-element-ea8f65c e-con-full e-flex e-con e-child\" data-id=\"ea8f65c\" data-element_type=\"container\">\n\t\t<div class=\"elementor-element elementor-element-9cf40e0 e-con-full e-flex e-con e-child\" data-id=\"9cf40e0\" data-element_type=\"container\">\n\t\t\t\t<div class=\"elementor-element elementor-element-a27fa1c elementor-widget elementor-widget-image\" data-id=\"a27fa1c\" data-element_type=\"widget\" data-no-translation=\"\" data-widget_type=\"image.default\">\n\t\t\t\t<div class=\"elementor-widget-container\">\n\t\t\t<style>.elementor-element-a27fa1c{display:none !important}<\/style>\t\t<\/div>\n\t\t\t\t<\/div>\n\t\t\t\t<div class=\"elementor-element elementor-element-fbb076b elementor-widget elementor-widget-image\" data-id=\"fbb076b\" data-element_type=\"widget\" data-no-translation=\"\" data-widget_type=\"image.default\">\n\t\t\t\t<div class=\"elementor-widget-container\">\n\t\t\t\t\t\t\t\t\t\t\t\t\t<img decoding=\"async\" width=\"86\" height=\"34\" src=\"https:\/\/www.ho-bros.com\/wp-content\/uploads\/2025\/04\/Pharos.png\" class=\"attachment-large size-large wp-image-8534\" alt=\"\" srcset=\"https:\/\/www.ho-bros.com\/wp-content\/uploads\/2025\/04\/Pharos.png 86w, https:\/\/www.ho-bros.com\/wp-content\/uploads\/2025\/04\/Pharos-18x7.png 18w\" sizes=\"(max-width: 86px) 100vw, 86px\" \/>\t\t\t\t\t\t\t\t\t\t\t\t\t<\/div>\n\t\t\t\t<\/div>\n\t\t\t\t<\/div>\n\t\t\t\t<div class=\"elementor-element elementor-element-45885bd elementor-widget elementor-widget-heading\" data-id=\"45885bd\" data-element_type=\"widget\" data-widget_type=\"heading.default\">\n\t\t\t\t<div class=\"elementor-widget-container\">\n\t\t\t<span class=\"elementor-heading-title elementor-size-default\">Configuration modulaire | Scalabilit\u00e9 | S\u00e9curit\u00e9<\/span>\t\t<\/div>\n\t\t\t\t<\/div>\n\t\t<div class=\"elementor-element elementor-element-06776ef e-grid e-con-full e-con e-child\" data-id=\"06776ef\" data-element_type=\"container\">\n\t\t<div class=\"elementor-element elementor-element-be5c1c0 e-con-full e-flex e-con e-child\" data-id=\"be5c1c0\" data-element_type=\"container\">\n\t\t\t\t<div class=\"elementor-element elementor-element-691570e elementor-widget elementor-widget-image\" data-id=\"691570e\" data-element_type=\"widget\" data-widget_type=\"image.default\">\n\t\t\t\t<div class=\"elementor-widget-container\">\n\t\t\t\t\t\t\t\t\t\t\t\t\t<img decoding=\"async\" width=\"160\" height=\"100\" src=\"https:\/\/www.ho-bros.com\/wp-content\/uploads\/2025\/04\/LUX10.png\" class=\"attachment-full size-full wp-image-8084\" alt=\"LUX10\" srcset=\"https:\/\/www.ho-bros.com\/wp-content\/uploads\/2025\/04\/LUX10.png 160w, https:\/\/www.ho-bros.com\/wp-content\/uploads\/2025\/04\/LUX10-18x12.png 18w\" sizes=\"(max-width: 160px) 100vw, 160px\" \/>\t\t\t\t\t\t\t\t\t\t\t\t\t<\/div>\n\t\t\t\t<\/div>\n\t\t\t\t<div class=\"elementor-element elementor-element-6fee618 elementor-widget elementor-widget-heading\" data-id=\"6fee618\" data-element_type=\"widget\" data-widget_type=\"heading.default\">\n\t\t\t\t<div class=\"elementor-widget-container\">\n\t\t\t<span class=\"elementor-heading-title elementor-size-default\">LUX10<\/span>\t\t<\/div>\n\t\t\t\t<\/div>\n\t\t\t\t<div class=\"elementor-element elementor-element-08d7124 elementor-widget elementor-widget-text-editor\" data-id=\"08d7124\" data-element_type=\"widget\" data-widget_type=\"text-editor.default\">\n\t\t\t\t<div class=\"elementor-widget-container\">\n\t\t\t\t\t\t\t<ul><li><span style=\"color: #ffffff;\">5 \u00e0 20 secondes par carte<\/span><\/li><li><span style=\"color: #ffffff;\">Impression en relief du CVV au verso<\/span><\/li><li><span style=\"color: #ffffff;\">Poids : 15 kg<\/span><\/li><\/ul>\t\t\t\t\t\t<\/div>\n\t\t\t\t<\/div>\n\t\t\t\t<\/div>\n\t\t<div class=\"elementor-element elementor-element-170a89a e-con-full e-flex e-con e-child\" data-id=\"170a89a\" data-element_type=\"container\">\n\t\t\t\t<div class=\"elementor-element elementor-element-bc32733 elementor-widget elementor-widget-image\" data-id=\"bc32733\" data-element_type=\"widget\" data-widget_type=\"image.default\">\n\t\t\t\t<div class=\"elementor-widget-container\">\n\t\t\t\t\t\t\t\t\t\t\t\t\t<img loading=\"lazy\" decoding=\"async\" width=\"160\" height=\"100\" src=\"https:\/\/www.ho-bros.com\/wp-content\/uploads\/2025\/04\/LUX50.png\" class=\"attachment-full size-full wp-image-8085\" alt=\"\" srcset=\"https:\/\/www.ho-bros.com\/wp-content\/uploads\/2025\/04\/LUX50.png 160w, https:\/\/www.ho-bros.com\/wp-content\/uploads\/2025\/04\/LUX50-18x12.png 18w\" sizes=\"(max-width: 160px) 100vw, 160px\" \/>\t\t\t\t\t\t\t\t\t\t\t\t\t<\/div>\n\t\t\t\t<\/div>\n\t\t\t\t<div class=\"elementor-element elementor-element-a0a8fa4 elementor-widget elementor-widget-heading\" data-id=\"a0a8fa4\" data-element_type=\"widget\" data-widget_type=\"heading.default\">\n\t\t\t\t<div class=\"elementor-widget-container\">\n\t\t\t<span class=\"elementor-heading-title elementor-size-default\">LUX50<\/span>\t\t<\/div>\n\t\t\t\t<\/div>\n\t\t\t\t<div class=\"elementor-element elementor-element-b14c1fd elementor-widget elementor-widget-text-editor\" data-id=\"b14c1fd\" data-element_type=\"widget\" data-widget_type=\"text-editor.default\">\n\t\t\t\t<div class=\"elementor-widget-container\">\n\t\t\t\t\t\t\t<ul><li><span style=\"color: #ffffff;\">50 \u00e0 60 secondes par carte<\/span><\/li><li><span style=\"color: #ffffff;\">Gaufrage \u00e0 l\u2019avant et CVV en relief \u00e0 l\u2019arri\u00e8re<\/span><\/li><li><span style=\"color: #ffffff;\">Poids : 15 kg<\/span><\/li><\/ul>\t\t\t\t\t\t<\/div>\n\t\t\t\t<\/div>\n\t\t\t\t<\/div>\n\t\t<div class=\"elementor-element elementor-element-97cb8bd e-con-full e-flex e-con e-child\" data-id=\"97cb8bd\" data-element_type=\"container\">\n\t\t\t\t<div class=\"elementor-element elementor-element-54260ea elementor-widget elementor-widget-image\" data-id=\"54260ea\" data-element_type=\"widget\" data-widget_type=\"image.default\">\n\t\t\t\t<div class=\"elementor-widget-container\">\n\t\t\t\t\t\t\t\t\t\t\t\t\t<img loading=\"lazy\" decoding=\"async\" width=\"160\" height=\"100\" src=\"https:\/\/www.ho-bros.com\/wp-content\/uploads\/2025\/04\/LUX80-LUX-9O.png\" class=\"attachment-full size-full wp-image-8086\" alt=\"\" srcset=\"https:\/\/www.ho-bros.com\/wp-content\/uploads\/2025\/04\/LUX80-LUX-9O.png 160w, https:\/\/www.ho-bros.com\/wp-content\/uploads\/2025\/04\/LUX80-LUX-9O-18x12.png 18w\" sizes=\"(max-width: 160px) 100vw, 160px\" \/>\t\t\t\t\t\t\t\t\t\t\t\t\t<\/div>\n\t\t\t\t<\/div>\n\t\t\t\t<div class=\"elementor-element elementor-element-593a782 elementor-widget elementor-widget-heading\" data-id=\"593a782\" data-element_type=\"widget\" data-widget_type=\"heading.default\">\n\t\t\t\t<div class=\"elementor-widget-container\">\n\t\t\t<span class=\"elementor-heading-title elementor-size-default\">LUX80 \/ LUX 9O<\/span>\t\t<\/div>\n\t\t\t\t<\/div>\n\t\t\t\t<div class=\"elementor-element elementor-element-816c511 elementor-widget elementor-widget-text-editor\" data-id=\"816c511\" data-element_type=\"widget\" data-widget_type=\"text-editor.default\">\n\t\t\t\t<div class=\"elementor-widget-container\">\n\t\t\t\t\t\t\t<ul><li><span style=\"color: #ffffff;\">50 \u00e0 60 secondes par carte<\/span><\/li><li><span style=\"color: #ffffff;\">Gaufrage \u00e0 l\u2019avant et CVV en relief \u00e0 l\u2019arri\u00e8re<\/span><\/li><li><span style=\"color: #ffffff;\">Poids : 60 kg<\/span><\/li><\/ul>\t\t\t\t\t\t<\/div>\n\t\t\t\t<\/div>\n\t\t\t\t<\/div>\n\t\t<div class=\"elementor-element elementor-element-b1ddc36 e-con-full e-flex e-con e-child\" data-id=\"b1ddc36\" data-element_type=\"container\">\n\t\t\t\t<div class=\"elementor-element elementor-element-c8abc52 elementor-widget elementor-widget-image\" data-id=\"c8abc52\" data-element_type=\"widget\" data-widget_type=\"image.default\">\n\t\t\t\t<div class=\"elementor-widget-container\">\n\t\t\t\t\t\t\t\t\t\t\t\t\t<img loading=\"lazy\" decoding=\"async\" width=\"160\" height=\"100\" src=\"https:\/\/www.ho-bros.com\/wp-content\/uploads\/2025\/04\/LUX1600.png\" class=\"attachment-full size-full wp-image-8087\" alt=\"\" srcset=\"https:\/\/www.ho-bros.com\/wp-content\/uploads\/2025\/04\/LUX1600.png 160w, https:\/\/www.ho-bros.com\/wp-content\/uploads\/2025\/04\/LUX1600-18x12.png 18w\" sizes=\"(max-width: 160px) 100vw, 160px\" \/>\t\t\t\t\t\t\t\t\t\t\t\t\t<\/div>\n\t\t\t\t<\/div>\n\t\t\t\t<div class=\"elementor-element elementor-element-9ebd1ea elementor-widget elementor-widget-heading\" data-id=\"9ebd1ea\" data-element_type=\"widget\" data-widget_type=\"heading.default\">\n\t\t\t\t<div class=\"elementor-widget-container\">\n\t\t\t<span class=\"elementor-heading-title elementor-size-default\">LUX1600<\/span>\t\t<\/div>\n\t\t\t\t<\/div>\n\t\t\t\t<div class=\"elementor-element elementor-element-8b37cfc elementor-widget elementor-widget-text-editor\" data-id=\"8b37cfc\" data-element_type=\"widget\" data-widget_type=\"text-editor.default\">\n\t\t\t\t<div class=\"elementor-widget-container\">\n\t\t\t\t\t\t\t<ul><li><span style=\"color: #ffffff;\">Jusqu\u2019\u00e0 1600 cartes\/heure<\/span><\/li><li><span style=\"color: #ffffff;\">Impression DoD<\/span><\/li><li><span style=\"color: #ffffff;\">Gaufrage \u00e0 l\u2019avant et CVV en relief \u00e0 l\u2019arri\u00e8re<\/span><\/li><li><span style=\"color: #ffffff;\">Module de gravure laser<\/span><\/li><li><span style=\"color: #ffffff;\">Poids : 1600 kg<\/span><\/li><\/ul>\t\t\t\t\t\t<\/div>\n\t\t\t\t<\/div>\n\t\t\t\t<\/div>\n\t\t\t\t<\/div>\n\t\t\t\t<\/div>\n\t\t\t\t\t<\/div>\n\t\t\t\t<\/div>\n\t\t\t\t<\/div>","protected":false},"excerpt":{"rendered":"<p>SYSTEM SOLUTIONS Integrated EMV card issuance solutions,with the flow from KYC data collection to card printing, delivering portofolios for modern financlal needs. Our system, Lighthouse, provides instant &#038; central card issuance for payment cards while protects the information through centralized data management, security key and encryptions. \u00a0 Key Factors \u00a0 On-demand issuance offering High volume [&hellip;]<\/p>","protected":false},"author":2,"featured_media":0,"parent":0,"menu_order":0,"comment_status":"closed","ping_status":"closed","template":"","meta":{"_acf_changed":false,"inline_featured_image":false,"footnotes":""},"class_list":["post-8075","page","type-page","status-publish","hentry"],"acf":[],"yoast_head":"<!-- This site is optimized with the Yoast SEO plugin v24.0 - https:\/\/yoast.com\/wordpress\/plugins\/seo\/ -->\n<title>System Solutions - Ho&amp;Bros<\/title>\n<meta name=\"description\" content=\"System Solutions\" \/>\n<meta name=\"robots\" content=\"index, follow, max-snippet:-1, max-image-preview:large, max-video-preview:-1\" \/>\n<link rel=\"canonical\" href=\"https:\/\/www.ho-bros.com\/fr\/system-solutions\/\" \/>\n<meta property=\"og:locale\" content=\"fr_FR\" \/>\n<meta property=\"og:type\" content=\"article\" \/>\n<meta property=\"og:title\" content=\"System Solutions - Ho&amp;Bros\" \/>\n<meta property=\"og:description\" content=\"System Solutions\" \/>\n<meta property=\"og:url\" content=\"https:\/\/www.ho-bros.com\/fr\/system-solutions\/\" \/>\n<meta property=\"og:site_name\" content=\"Ho&amp;Bros\" \/>\n<meta property=\"article:modified_time\" content=\"2025-05-12T01:46:05+00:00\" \/>\n<meta property=\"og:image\" content=\"https:\/\/www.ho-bros.com\/wp-content\/uploads\/2025\/04\/Lighthouse-CardFounder.png\" \/>\n\t<meta property=\"og:image:width\" content=\"212\" \/>\n\t<meta property=\"og:image:height\" content=\"35\" \/>\n\t<meta property=\"og:image:type\" content=\"image\/png\" \/>\n<meta name=\"twitter:card\" content=\"summary_large_image\" \/>\n<meta name=\"twitter:label1\" content=\"Dur\u00e9e de lecture estim\u00e9e\" \/>\n\t<meta name=\"twitter:data1\" content=\"2 minutes\" \/>\n<script type=\"application\/ld+json\" class=\"yoast-schema-graph\">{\"@context\":\"https:\/\/schema.org\",\"@graph\":[{\"@type\":\"WebPage\",\"@id\":\"https:\/\/www.ho-bros.com\/system-solutions\/\",\"url\":\"https:\/\/www.ho-bros.com\/system-solutions\/\",\"name\":\"System Solutions - Ho&amp;Bros\",\"isPartOf\":{\"@id\":\"https:\/\/www.ho-bros.com\/#website\"},\"primaryImageOfPage\":{\"@id\":\"https:\/\/www.ho-bros.com\/system-solutions\/#primaryimage\"},\"image\":{\"@id\":\"https:\/\/www.ho-bros.com\/system-solutions\/#primaryimage\"},\"thumbnailUrl\":\"https:\/\/www.ho-bros.com\/wp-content\/uploads\/2025\/04\/Lighthouse-CardFounder.png\",\"datePublished\":\"2025-04-22T06:58:48+00:00\",\"dateModified\":\"2025-05-12T01:46:05+00:00\",\"description\":\"System Solutions\",\"breadcrumb\":{\"@id\":\"https:\/\/www.ho-bros.com\/system-solutions\/#breadcrumb\"},\"inLanguage\":\"fr-FR\",\"potentialAction\":[{\"@type\":\"ReadAction\",\"target\":[\"https:\/\/www.ho-bros.com\/system-solutions\/\"]}]},{\"@type\":\"ImageObject\",\"inLanguage\":\"fr-FR\",\"@id\":\"https:\/\/www.ho-bros.com\/system-solutions\/#primaryimage\",\"url\":\"https:\/\/www.ho-bros.com\/wp-content\/uploads\/2025\/04\/Lighthouse-CardFounder.png\",\"contentUrl\":\"https:\/\/www.ho-bros.com\/wp-content\/uploads\/2025\/04\/Lighthouse-CardFounder.png\"},{\"@type\":\"BreadcrumbList\",\"@id\":\"https:\/\/www.ho-bros.com\/system-solutions\/#breadcrumb\",\"itemListElement\":[{\"@type\":\"ListItem\",\"position\":1,\"name\":\"Home\",\"item\":\"https:\/\/www.ho-bros.com\/\"},{\"@type\":\"ListItem\",\"position\":2,\"name\":\"System Solutions\"}]},{\"@type\":\"WebSite\",\"@id\":\"https:\/\/www.ho-bros.com\/#website\",\"url\":\"https:\/\/www.ho-bros.com\/\",\"name\":\"Ho&Bros\",\"description\":\"\",\"potentialAction\":[{\"@type\":\"SearchAction\",\"target\":{\"@type\":\"EntryPoint\",\"urlTemplate\":\"https:\/\/www.ho-bros.com\/?s={search_term_string}\"},\"query-input\":{\"@type\":\"PropertyValueSpecification\",\"valueRequired\":true,\"valueName\":\"search_term_string\"}}],\"inLanguage\":\"fr-FR\"}]}<\/script>\n<!-- \/ Yoast SEO plugin. -->","yoast_head_json":{"title":"System Solutions - Ho&amp;Bros","description":"System Solutions","robots":{"index":"index","follow":"follow","max-snippet":"max-snippet:-1","max-image-preview":"max-image-preview:large","max-video-preview":"max-video-preview:-1"},"canonical":"https:\/\/www.ho-bros.com\/fr\/system-solutions\/","og_locale":"fr_FR","og_type":"article","og_title":"System Solutions - Ho&amp;Bros","og_description":"System Solutions","og_url":"https:\/\/www.ho-bros.com\/fr\/system-solutions\/","og_site_name":"Ho&amp;Bros","article_modified_time":"2025-05-12T01:46:05+00:00","og_image":[{"width":212,"height":35,"url":"https:\/\/www.ho-bros.com\/wp-content\/uploads\/2025\/04\/Lighthouse-CardFounder.png","type":"image\/png"}],"twitter_card":"summary_large_image","twitter_misc":{"Dur\u00e9e de lecture estim\u00e9e":"2 minutes"},"schema":{"@context":"https:\/\/schema.org","@graph":[{"@type":"WebPage","@id":"https:\/\/www.ho-bros.com\/system-solutions\/","url":"https:\/\/www.ho-bros.com\/system-solutions\/","name":"System Solutions - Ho&amp;Bros","isPartOf":{"@id":"https:\/\/www.ho-bros.com\/#website"},"primaryImageOfPage":{"@id":"https:\/\/www.ho-bros.com\/system-solutions\/#primaryimage"},"image":{"@id":"https:\/\/www.ho-bros.com\/system-solutions\/#primaryimage"},"thumbnailUrl":"https:\/\/www.ho-bros.com\/wp-content\/uploads\/2025\/04\/Lighthouse-CardFounder.png","datePublished":"2025-04-22T06:58:48+00:00","dateModified":"2025-05-12T01:46:05+00:00","description":"System Solutions","breadcrumb":{"@id":"https:\/\/www.ho-bros.com\/system-solutions\/#breadcrumb"},"inLanguage":"fr-FR","potentialAction":[{"@type":"ReadAction","target":["https:\/\/www.ho-bros.com\/system-solutions\/"]}]},{"@type":"ImageObject","inLanguage":"fr-FR","@id":"https:\/\/www.ho-bros.com\/system-solutions\/#primaryimage","url":"https:\/\/www.ho-bros.com\/wp-content\/uploads\/2025\/04\/Lighthouse-CardFounder.png","contentUrl":"https:\/\/www.ho-bros.com\/wp-content\/uploads\/2025\/04\/Lighthouse-CardFounder.png"},{"@type":"BreadcrumbList","@id":"https:\/\/www.ho-bros.com\/system-solutions\/#breadcrumb","itemListElement":[{"@type":"ListItem","position":1,"name":"Home","item":"https:\/\/www.ho-bros.com\/"},{"@type":"ListItem","position":2,"name":"System Solutions"}]},{"@type":"WebSite","@id":"https:\/\/www.ho-bros.com\/#website","url":"https:\/\/www.ho-bros.com\/","name":"Ho&Bros","description":"","potentialAction":[{"@type":"SearchAction","target":{"@type":"EntryPoint","urlTemplate":"https:\/\/www.ho-bros.com\/?s={search_term_string}"},"query-input":{"@type":"PropertyValueSpecification","valueRequired":true,"valueName":"search_term_string"}}],"inLanguage":"fr-FR"}]}},"_links":{"self":[{"href":"https:\/\/www.ho-bros.com\/fr\/wp-json\/wp\/v2\/pages\/8075","targetHints":{"allow":["GET"]}}],"collection":[{"href":"https:\/\/www.ho-bros.com\/fr\/wp-json\/wp\/v2\/pages"}],"about":[{"href":"https:\/\/www.ho-bros.com\/fr\/wp-json\/wp\/v2\/types\/page"}],"author":[{"embeddable":true,"href":"https:\/\/www.ho-bros.com\/fr\/wp-json\/wp\/v2\/users\/2"}],"replies":[{"embeddable":true,"href":"https:\/\/www.ho-bros.com\/fr\/wp-json\/wp\/v2\/comments?post=8075"}],"version-history":[{"count":31,"href":"https:\/\/www.ho-bros.com\/fr\/wp-json\/wp\/v2\/pages\/8075\/revisions"}],"predecessor-version":[{"id":8662,"href":"https:\/\/www.ho-bros.com\/fr\/wp-json\/wp\/v2\/pages\/8075\/revisions\/8662"}],"wp:attachment":[{"href":"https:\/\/www.ho-bros.com\/fr\/wp-json\/wp\/v2\/media?parent=8075"}],"curies":[{"name":"wp","href":"https:\/\/api.w.org\/{rel}","templated":true}]}}