{"id":8106,"date":"2025-04-22T15:57:09","date_gmt":"2025-04-22T07:57:09","guid":{"rendered":"https:\/\/www.ho-bros.com\/?page_id=8106"},"modified":"2025-04-27T17:10:16","modified_gmt":"2025-04-27T09:10:16","slug":"emv-cards","status":"publish","type":"page","link":"https:\/\/www.ho-bros.com\/fr\/emv-cards\/","title":{"rendered":"Cartes EMV"},"content":{"rendered":"<div data-elementor-type=\"wp-page\" data-elementor-id=\"8106\" class=\"elementor elementor-8106\" data-elementor-post-type=\"page\">\n\t\t\t\t<div class=\"elementor-element elementor-element-047e133 e-flex e-con-boxed e-con e-parent\" data-id=\"047e133\" data-element_type=\"container\">\n\t\t\t\t\t<div class=\"e-con-inner\">\n\t\t<div class=\"elementor-element elementor-element-9573eda e-con-full e-flex e-con e-child\" data-id=\"9573eda\" data-element_type=\"container\">\n\t\t<div class=\"elementor-element elementor-element-4e06f35 e-con-full e-flex e-con e-child\" data-id=\"4e06f35\" data-element_type=\"container\">\n\t\t\t\t<div class=\"elementor-element elementor-element-5b8024c elementor-widget elementor-widget-image\" data-id=\"5b8024c\" data-element_type=\"widget\" data-widget_type=\"image.default\">\n\t\t\t\t<div class=\"elementor-widget-container\">\n\t\t\t\t\t\t\t\t\t\t\t\t\t<img decoding=\"async\" width=\"86\" height=\"34\" src=\"https:\/\/www.ho-bros.com\/wp-content\/uploads\/2025\/04\/Pharos.png\" class=\"attachment-large size-large wp-image-8534\" alt=\"\" srcset=\"https:\/\/www.ho-bros.com\/wp-content\/uploads\/2025\/04\/Pharos.png 86w, https:\/\/www.ho-bros.com\/wp-content\/uploads\/2025\/04\/Pharos-18x7.png 18w\" sizes=\"(max-width: 86px) 100vw, 86px\" \/>\t\t\t\t\t\t\t\t\t\t\t\t\t<\/div>\n\t\t\t\t<\/div>\n\t\t\t\t<\/div>\n\t\t\t\t<div class=\"elementor-element elementor-element-1a4e6ac elementor-widget elementor-widget-title\" data-id=\"1a4e6ac\" data-element_type=\"widget\" data-widget_type=\"title.default\">\n\t\t\t\t<div class=\"elementor-widget-container\">\n\t\t\t\r\n        <div class=\"theme-title\">\r\n          <h6>Cartes EMV<\/h6>\r\n          <h2>Soutenues par les principaux r\u00e9seaux de paiement internationaux, nos cartes EMV offrent une solution de bout en bout pour la conception et la mise en \u0153uvre de vos programmes de paiement personnalis\u00e9s, garantissant conformit\u00e9, \u00e9volutivit\u00e9 et rapidit\u00e9.<\/h2>\r\n          <p><strong><span style=\"color: #ffffff;\">Interface double | Sans contact | Contact uniquement<\/span><\/strong><\/p> \r\n        <\/div>\r\n        \t\t<\/div>\n\t\t\t\t<\/div>\n\t\t\t\t<\/div>\n\t\t<div class=\"elementor-element elementor-element-ea8f65c e-con-full e-flex e-con e-child\" data-id=\"ea8f65c\" data-element_type=\"container\">\n\t\t<div class=\"elementor-element elementor-element-a9f84fd e-con-full e-flex e-con e-child\" data-id=\"a9f84fd\" data-element_type=\"container\">\n\t\t<div class=\"elementor-element elementor-element-ff8cda2 e-con-full e-flex e-con e-child\" data-id=\"ff8cda2\" data-element_type=\"container\">\n\t\t<div class=\"elementor-element elementor-element-bb789bd e-con-full e-flex e-con e-child\" data-id=\"bb789bd\" data-element_type=\"container\">\n\t\t\t\t<div class=\"elementor-element elementor-element-d7e8452 elementor-view-default elementor-widget elementor-widget-icon\" data-id=\"d7e8452\" data-element_type=\"widget\" data-widget_type=\"icon.default\">\n\t\t\t\t<div class=\"elementor-widget-container\">\n\t\t\t\t\t<div class=\"elementor-icon-wrapper\">\n\t\t\t<div class=\"elementor-icon\">\n\t\t\t<i aria-hidden=\"true\" class=\"icon icon-zhika\"><\/i>\t\t\t<\/div>\n\t\t<\/div>\n\t\t\t\t<\/div>\n\t\t\t\t<\/div>\n\t\t\t\t<\/div>\n\t\t<div class=\"elementor-element elementor-element-9f19c3e e-con-full e-flex e-con e-child\" data-id=\"9f19c3e\" data-element_type=\"container\">\n\t\t\t\t<div class=\"elementor-element elementor-element-0c90f08 elementor-widget elementor-widget-heading\" data-id=\"0c90f08\" data-element_type=\"widget\" data-widget_type=\"heading.default\">\n\t\t\t\t<div class=\"elementor-widget-container\">\n\t\t\t<span class=\"elementor-heading-title elementor-size-default\">Techniques d\u2019impression<\/span>\t\t<\/div>\n\t\t\t\t<\/div>\n\t\t\t\t<div class=\"elementor-element elementor-element-7e3337d elementor-widget elementor-widget-text-editor\" data-id=\"7e3337d\" data-element_type=\"widget\" data-widget_type=\"text-editor.default\">\n\t\t\t\t<div class=\"elementor-widget-container\">\n\t\t\t\t\t\t\t<ul><li>Impression UV<\/li><li>Dorure \/ Argenture<\/li><li>S\u00e9rigraphie<\/li><li>Estampage \u00e0 chaud<\/li><\/ul>\t\t\t\t\t\t<\/div>\n\t\t\t\t<\/div>\n\t\t\t\t<\/div>\n\t\t\t\t<\/div>\n\t\t<div class=\"elementor-element elementor-element-0ba880f e-con-full e-flex e-con e-child\" data-id=\"0ba880f\" data-element_type=\"container\">\n\t\t<div class=\"elementor-element elementor-element-8e3c17f e-con-full e-flex e-con e-child\" data-id=\"8e3c17f\" data-element_type=\"container\">\n\t\t\t\t<div class=\"elementor-element elementor-element-e45008c elementor-view-default elementor-widget elementor-widget-icon\" data-id=\"e45008c\" data-element_type=\"widget\" data-widget_type=\"icon.default\">\n\t\t\t\t<div class=\"elementor-widget-container\">\n\t\t\t\t\t<div class=\"elementor-icon-wrapper\">\n\t\t\t<div class=\"elementor-icon\">\n\t\t\t<i aria-hidden=\"true\" class=\"icon icon-specialTitlex\"><\/i>\t\t\t<\/div>\n\t\t<\/div>\n\t\t\t\t<\/div>\n\t\t\t\t<\/div>\n\t\t\t\t<\/div>\n\t\t<div class=\"elementor-element elementor-element-1c5f62e e-con-full e-flex e-con e-child\" data-id=\"1c5f62e\" data-element_type=\"container\">\n\t\t\t\t<div class=\"elementor-element elementor-element-d346645 elementor-widget elementor-widget-heading\" data-id=\"d346645\" data-element_type=\"widget\" data-widget_type=\"heading.default\">\n\t\t\t\t<div class=\"elementor-widget-container\">\n\t\t\t<span class=\"elementor-heading-title elementor-size-default\">Fonctionnalit\u00e9s sp\u00e9ciales<\/span>\t\t<\/div>\n\t\t\t\t<\/div>\n\t\t\t\t<div class=\"elementor-element elementor-element-0eb7578 elementor-widget elementor-widget-text-editor\" data-id=\"0eb7578\" data-element_type=\"widget\" data-widget_type=\"text-editor.default\">\n\t\t\t\t<div class=\"elementor-widget-container\">\n\t\t\t\t\t\t\t<ul><li>Effet tactile<\/li><li>Bande magn\u00e9tique color\u00e9e<\/li><li>Tranche color\u00e9e<\/li><li>Transparente<\/li><\/ul>\t\t\t\t\t\t<\/div>\n\t\t\t\t<\/div>\n\t\t\t\t<\/div>\n\t\t\t\t<\/div>\n\t\t\t\t<\/div>\n\t\t<div class=\"elementor-element elementor-element-d8ae5b5 e-con-full e-flex e-con e-child\" data-id=\"d8ae5b5\" data-element_type=\"container\">\n\t\t<div class=\"elementor-element elementor-element-21747e3 e-con-full e-flex e-con e-child\" data-id=\"21747e3\" data-element_type=\"container\">\n\t\t<div class=\"elementor-element elementor-element-12fb01d e-con-full e-flex e-con e-child\" data-id=\"12fb01d\" data-element_type=\"container\">\n\t\t\t\t<div class=\"elementor-element elementor-element-a897b93 elementor-view-default elementor-widget elementor-widget-icon\" data-id=\"a897b93\" data-element_type=\"widget\" data-widget_type=\"icon.default\">\n\t\t\t\t<div class=\"elementor-widget-container\">\n\t\t\t\t\t<div class=\"elementor-icon-wrapper\">\n\t\t\t<div class=\"elementor-icon\">\n\t\t\t<i aria-hidden=\"true\" class=\"icon icon-anquanka\"><\/i>\t\t\t<\/div>\n\t\t<\/div>\n\t\t\t\t<\/div>\n\t\t\t\t<\/div>\n\t\t\t\t<\/div>\n\t\t<div class=\"elementor-element elementor-element-f374ea9 e-con-full e-flex e-con e-child\" data-id=\"f374ea9\" data-element_type=\"container\">\n\t\t\t\t<div class=\"elementor-element elementor-element-d178291 elementor-widget elementor-widget-heading\" data-id=\"d178291\" data-element_type=\"widget\" data-widget_type=\"heading.default\">\n\t\t\t\t<div class=\"elementor-widget-container\">\n\t\t\t<span class=\"elementor-heading-title elementor-size-default\">Technologies de s\u00e9curit\u00e9<\/span>\t\t<\/div>\n\t\t\t\t<\/div>\n\t\t\t\t<div class=\"elementor-element elementor-element-46dbe2c elementor-widget elementor-widget-text-editor\" data-id=\"46dbe2c\" data-element_type=\"widget\" data-widget_type=\"text-editor.default\">\n\t\t\t\t<div class=\"elementor-widget-container\">\n\t\t\t\t\t\t\t<ul><li>Hologramme<\/li><li>Impression UV<\/li><li>Puces &amp; int\u00e9gration<\/li><\/ul>\t\t\t\t\t\t<\/div>\n\t\t\t\t<\/div>\n\t\t\t\t<\/div>\n\t\t\t\t<\/div>\n\t\t<div class=\"elementor-element elementor-element-a8ec1c7 e-con-full e-flex e-con e-child\" data-id=\"a8ec1c7\" data-element_type=\"container\">\n\t\t<div class=\"elementor-element elementor-element-3c1dc7a e-con-full e-flex e-con e-child\" data-id=\"3c1dc7a\" data-element_type=\"container\">\n\t\t\t\t<div class=\"elementor-element elementor-element-b8c3105 elementor-view-default elementor-widget elementor-widget-icon\" data-id=\"b8c3105\" data-element_type=\"widget\" data-widget_type=\"icon.default\">\n\t\t\t\t<div class=\"elementor-widget-container\">\n\t\t\t\t\t<div class=\"elementor-icon-wrapper\">\n\t\t\t<div class=\"elementor-icon\">\n\t\t\t<i aria-hidden=\"true\" class=\"icon icon-yinhangqia\"><\/i>\t\t\t<\/div>\n\t\t<\/div>\n\t\t\t\t<\/div>\n\t\t\t\t<\/div>\n\t\t\t\t<\/div>\n\t\t<div class=\"elementor-element elementor-element-1d70173 e-con-full e-flex e-con e-child\" data-id=\"1d70173\" data-element_type=\"container\">\n\t\t\t\t<div class=\"elementor-element elementor-element-0801395 elementor-widget elementor-widget-heading\" data-id=\"0801395\" data-element_type=\"widget\" data-widget_type=\"heading.default\">\n\t\t\t\t<div class=\"elementor-widget-container\">\n\t\t\t<span class=\"elementor-heading-title elementor-size-default\">Personnalisation<\/span>\t\t<\/div>\n\t\t\t\t<\/div>\n\t\t\t\t<div class=\"elementor-element elementor-element-8cb3993 elementor-widget elementor-widget-text-editor\" data-id=\"8cb3993\" data-element_type=\"widget\" data-widget_type=\"text-editor.default\">\n\t\t\t\t<div class=\"elementor-widget-container\">\n\t\t\t\t\t\t\t<ul><li>Gravure laser<\/li><li>Gaufrage \/ Impression en creux<\/li><li>Impression jet d\u2019encre (DoD)<\/li><li>Impression directe<\/li><li>Transfert thermique rehauss\u00e9<\/li><\/ul>\t\t\t\t\t\t<\/div>\n\t\t\t\t<\/div>\n\t\t\t\t<\/div>\n\t\t\t\t<\/div>\n\t\t\t\t<\/div>\n\t\t\t\t<\/div>\n\t\t\t\t\t<\/div>\n\t\t\t\t<\/div>\n\t\t<div class=\"elementor-element elementor-element-5683cee e-flex e-con-boxed e-con e-parent\" data-id=\"5683cee\" data-element_type=\"container\">\n\t\t\t\t\t<div class=\"e-con-inner\">\n\t\t<div class=\"elementor-element elementor-element-4d4667b e-grid e-con-full e-con e-child\" data-id=\"4d4667b\" data-element_type=\"container\">\n\t\t<div class=\"elementor-element elementor-element-58c4632 e-con-full e-flex e-con e-child\" data-id=\"58c4632\" data-element_type=\"container\">\n\t\t\t\t<div class=\"elementor-element elementor-element-6224f54 elementor-widget elementor-widget-image\" data-id=\"6224f54\" data-element_type=\"widget\" data-widget_type=\"image.default\">\n\t\t\t\t<div class=\"elementor-widget-container\">\n\t\t\t\t\t\t\t\t\t\t\t\t\t<img fetchpriority=\"high\" decoding=\"async\" width=\"640\" height=\"404\" src=\"https:\/\/www.ho-bros.com\/wp-content\/uploads\/2025\/04\/circular-economy.png\" class=\"attachment-large size-large wp-image-8113\" alt=\"\" srcset=\"https:\/\/www.ho-bros.com\/wp-content\/uploads\/2025\/04\/circular-economy.png 1012w, https:\/\/www.ho-bros.com\/wp-content\/uploads\/2025\/04\/circular-economy-300x189.png 300w, https:\/\/www.ho-bros.com\/wp-content\/uploads\/2025\/04\/circular-economy-768x485.png 768w, https:\/\/www.ho-bros.com\/wp-content\/uploads\/2025\/04\/circular-economy-18x12.png 18w\" sizes=\"(max-width: 640px) 100vw, 640px\" \/>\t\t\t\t\t\t\t\t\t\t\t\t\t<\/div>\n\t\t\t\t<\/div>\n\t\t\t\t<div class=\"elementor-element elementor-element-b1f64fb elementor-widget elementor-widget-heading\" data-id=\"b1f64fb\" data-element_type=\"widget\" data-widget_type=\"heading.default\">\n\t\t\t\t<div class=\"elementor-widget-container\">\n\t\t\t<div class=\"elementor-heading-title elementor-size-default\">Cartes \u00e9cologiques<br>\nrPVC | PLA | PETG<\/div>\t\t<\/div>\n\t\t\t\t<\/div>\n\t\t\t\t<\/div>\n\t\t<div class=\"elementor-element elementor-element-aedcf70 e-con-full e-flex e-con e-child\" data-id=\"aedcf70\" data-element_type=\"container\">\n\t\t\t\t<div class=\"elementor-element elementor-element-bcc50e6 elementor-widget elementor-widget-image\" data-id=\"bcc50e6\" data-element_type=\"widget\" data-widget_type=\"image.default\">\n\t\t\t\t<div class=\"elementor-widget-container\">\n\t\t\t\t\t\t\t\t\t\t\t\t\t<img decoding=\"async\" width=\"640\" height=\"404\" src=\"https:\/\/www.ho-bros.com\/wp-content\/uploads\/2025\/04\/ceramic.png\" class=\"attachment-large size-large wp-image-8112\" alt=\"\" srcset=\"https:\/\/www.ho-bros.com\/wp-content\/uploads\/2025\/04\/ceramic.png 1012w, https:\/\/www.ho-bros.com\/wp-content\/uploads\/2025\/04\/ceramic-300x189.png 300w, https:\/\/www.ho-bros.com\/wp-content\/uploads\/2025\/04\/ceramic-768x485.png 768w, https:\/\/www.ho-bros.com\/wp-content\/uploads\/2025\/04\/ceramic-18x12.png 18w\" sizes=\"(max-width: 640px) 100vw, 640px\" \/>\t\t\t\t\t\t\t\t\t\t\t\t\t<\/div>\n\t\t\t\t<\/div>\n\t\t\t\t<div class=\"elementor-element elementor-element-170362a elementor-widget elementor-widget-heading\" data-id=\"170362a\" data-element_type=\"widget\" data-widget_type=\"heading.default\">\n\t\t\t\t<div class=\"elementor-widget-container\">\n\t\t\t<div class=\"elementor-heading-title elementor-size-default\">Carte en c\u00e9ramique<\/div>\t\t<\/div>\n\t\t\t\t<\/div>\n\t\t\t\t<\/div>\n\t\t<div class=\"elementor-element elementor-element-e249e5f e-con-full e-flex e-con e-child\" data-id=\"e249e5f\" data-element_type=\"container\">\n\t\t\t\t<div class=\"elementor-element elementor-element-97e20c1 elementor-widget elementor-widget-image\" data-id=\"97e20c1\" data-element_type=\"widget\" data-widget_type=\"image.default\">\n\t\t\t\t<div class=\"elementor-widget-container\">\n\t\t\t\t\t\t\t\t\t\t\t\t\t<img loading=\"lazy\" decoding=\"async\" width=\"640\" height=\"404\" src=\"https:\/\/www.ho-bros.com\/wp-content\/uploads\/2025\/04\/stainless-stell.png\" class=\"attachment-large size-large wp-image-8115\" alt=\"\" srcset=\"https:\/\/www.ho-bros.com\/wp-content\/uploads\/2025\/04\/stainless-stell.png 1012w, https:\/\/www.ho-bros.com\/wp-content\/uploads\/2025\/04\/stainless-stell-300x189.png 300w, https:\/\/www.ho-bros.com\/wp-content\/uploads\/2025\/04\/stainless-stell-768x485.png 768w, https:\/\/www.ho-bros.com\/wp-content\/uploads\/2025\/04\/stainless-stell-18x12.png 18w\" sizes=\"(max-width: 640px) 100vw, 640px\" \/>\t\t\t\t\t\t\t\t\t\t\t\t\t<\/div>\n\t\t\t\t<\/div>\n\t\t\t\t<div class=\"elementor-element elementor-element-54f6812 elementor-widget elementor-widget-heading\" data-id=\"54f6812\" data-element_type=\"widget\" data-widget_type=\"heading.default\">\n\t\t\t\t<div class=\"elementor-widget-container\">\n\t\t\t<div class=\"elementor-heading-title elementor-size-default\">Carte en m\u00e9tal<br>\nTout m\u00e9tal | Noyau m\u00e9tallique<\/div>\t\t<\/div>\n\t\t\t\t<\/div>\n\t\t\t\t<\/div>\n\t\t<div class=\"elementor-element elementor-element-42fd051 e-con-full e-flex e-con e-child\" data-id=\"42fd051\" data-element_type=\"container\">\n\t\t\t\t<div class=\"elementor-element elementor-element-6212e26 elementor-widget elementor-widget-image\" data-id=\"6212e26\" data-element_type=\"widget\" data-widget_type=\"image.default\">\n\t\t\t\t<div class=\"elementor-widget-container\">\n\t\t\t\t\t\t\t\t\t\t\t\t\t<img loading=\"lazy\" decoding=\"async\" width=\"640\" height=\"404\" src=\"https:\/\/www.ho-bros.com\/wp-content\/uploads\/2025\/04\/light-up.png\" class=\"attachment-large size-large wp-image-8114\" alt=\"\" srcset=\"https:\/\/www.ho-bros.com\/wp-content\/uploads\/2025\/04\/light-up.png 1012w, https:\/\/www.ho-bros.com\/wp-content\/uploads\/2025\/04\/light-up-300x189.png 300w, https:\/\/www.ho-bros.com\/wp-content\/uploads\/2025\/04\/light-up-768x485.png 768w, https:\/\/www.ho-bros.com\/wp-content\/uploads\/2025\/04\/light-up-18x12.png 18w\" sizes=\"(max-width: 640px) 100vw, 640px\" \/>\t\t\t\t\t\t\t\t\t\t\t\t\t<\/div>\n\t\t\t\t<\/div>\n\t\t\t\t<div class=\"elementor-element elementor-element-d5474ba elementor-widget elementor-widget-heading\" data-id=\"d5474ba\" data-element_type=\"widget\" data-widget_type=\"heading.default\">\n\t\t\t\t<div class=\"elementor-widget-container\">\n\t\t\t<div class=\"elementor-heading-title elementor-size-default\">Carte \u00e0 LED<\/div>\t\t<\/div>\n\t\t\t\t<\/div>\n\t\t\t\t<\/div>\n\t\t\t\t<\/div>\n\t\t\t\t\t<\/div>\n\t\t\t\t<\/div>\n\t\t\t\t<\/div>","protected":false},"excerpt":{"rendered":"<p>EMV Cards Supported by major global payment schemes, delivering end-to-end design implementation for your tailored payment card programs, ensuring compliance, scalability and speed. Dual-interface | Contactless | Contact Only Printing Techniques UV Printing Gold\/ Silver Foil Silk Printing Hot Stamp Special Features Tactile Effect Coloured Magnetic Stripe Coloured Edge Transparent Security Technologies Hologram UV Printing [&hellip;]<\/p>","protected":false},"author":2,"featured_media":0,"parent":0,"menu_order":0,"comment_status":"closed","ping_status":"closed","template":"","meta":{"_acf_changed":false,"inline_featured_image":false,"footnotes":""},"class_list":["post-8106","page","type-page","status-publish","hentry"],"acf":[],"yoast_head":"<!-- This site is optimized with the Yoast SEO plugin v24.0 - https:\/\/yoast.com\/wordpress\/plugins\/seo\/ -->\n<title>EMV Cards - Ho&amp;Bros<\/title>\n<meta name=\"description\" content=\"EMV Cards\" \/>\n<meta name=\"robots\" content=\"index, follow, max-snippet:-1, max-image-preview:large, max-video-preview:-1\" \/>\n<link rel=\"canonical\" href=\"https:\/\/www.ho-bros.com\/fr\/emv-cards\/\" \/>\n<meta property=\"og:locale\" content=\"fr_FR\" \/>\n<meta property=\"og:type\" content=\"article\" \/>\n<meta property=\"og:title\" content=\"EMV Cards - Ho&amp;Bros\" \/>\n<meta property=\"og:description\" content=\"EMV Cards\" \/>\n<meta property=\"og:url\" content=\"https:\/\/www.ho-bros.com\/fr\/emv-cards\/\" \/>\n<meta property=\"og:site_name\" content=\"Ho&amp;Bros\" \/>\n<meta property=\"article:modified_time\" content=\"2025-04-27T09:10:16+00:00\" \/>\n<meta property=\"og:image\" content=\"https:\/\/www.ho-bros.com\/wp-content\/uploads\/2025\/04\/Pharos.png\" \/>\n\t<meta property=\"og:image:width\" content=\"86\" \/>\n\t<meta property=\"og:image:height\" content=\"34\" \/>\n\t<meta property=\"og:image:type\" content=\"image\/png\" \/>\n<meta name=\"twitter:card\" content=\"summary_large_image\" \/>\n<meta name=\"twitter:label1\" content=\"Dur\u00e9e de lecture estim\u00e9e\" \/>\n\t<meta name=\"twitter:data1\" content=\"2 minutes\" \/>\n<script type=\"application\/ld+json\" class=\"yoast-schema-graph\">{\"@context\":\"https:\/\/schema.org\",\"@graph\":[{\"@type\":\"WebPage\",\"@id\":\"https:\/\/www.ho-bros.com\/emv-cards\/\",\"url\":\"https:\/\/www.ho-bros.com\/emv-cards\/\",\"name\":\"EMV Cards - Ho&amp;Bros\",\"isPartOf\":{\"@id\":\"https:\/\/www.ho-bros.com\/#website\"},\"primaryImageOfPage\":{\"@id\":\"https:\/\/www.ho-bros.com\/emv-cards\/#primaryimage\"},\"image\":{\"@id\":\"https:\/\/www.ho-bros.com\/emv-cards\/#primaryimage\"},\"thumbnailUrl\":\"https:\/\/www.ho-bros.com\/wp-content\/uploads\/2025\/04\/Pharos.png\",\"datePublished\":\"2025-04-22T07:57:09+00:00\",\"dateModified\":\"2025-04-27T09:10:16+00:00\",\"description\":\"EMV Cards\",\"breadcrumb\":{\"@id\":\"https:\/\/www.ho-bros.com\/emv-cards\/#breadcrumb\"},\"inLanguage\":\"fr-FR\",\"potentialAction\":[{\"@type\":\"ReadAction\",\"target\":[\"https:\/\/www.ho-bros.com\/emv-cards\/\"]}]},{\"@type\":\"ImageObject\",\"inLanguage\":\"fr-FR\",\"@id\":\"https:\/\/www.ho-bros.com\/emv-cards\/#primaryimage\",\"url\":\"https:\/\/www.ho-bros.com\/wp-content\/uploads\/2025\/04\/Pharos.png\",\"contentUrl\":\"https:\/\/www.ho-bros.com\/wp-content\/uploads\/2025\/04\/Pharos.png\"},{\"@type\":\"BreadcrumbList\",\"@id\":\"https:\/\/www.ho-bros.com\/emv-cards\/#breadcrumb\",\"itemListElement\":[{\"@type\":\"ListItem\",\"position\":1,\"name\":\"Home\",\"item\":\"https:\/\/www.ho-bros.com\/\"},{\"@type\":\"ListItem\",\"position\":2,\"name\":\"EMV Cards\"}]},{\"@type\":\"WebSite\",\"@id\":\"https:\/\/www.ho-bros.com\/#website\",\"url\":\"https:\/\/www.ho-bros.com\/\",\"name\":\"Ho&Bros\",\"description\":\"\",\"potentialAction\":[{\"@type\":\"SearchAction\",\"target\":{\"@type\":\"EntryPoint\",\"urlTemplate\":\"https:\/\/www.ho-bros.com\/?s={search_term_string}\"},\"query-input\":{\"@type\":\"PropertyValueSpecification\",\"valueRequired\":true,\"valueName\":\"search_term_string\"}}],\"inLanguage\":\"fr-FR\"}]}<\/script>\n<!-- \/ Yoast SEO plugin. -->","yoast_head_json":{"title":"EMV Cards - Ho&amp;Bros","description":"EMV Cards","robots":{"index":"index","follow":"follow","max-snippet":"max-snippet:-1","max-image-preview":"max-image-preview:large","max-video-preview":"max-video-preview:-1"},"canonical":"https:\/\/www.ho-bros.com\/fr\/emv-cards\/","og_locale":"fr_FR","og_type":"article","og_title":"EMV Cards - Ho&amp;Bros","og_description":"EMV Cards","og_url":"https:\/\/www.ho-bros.com\/fr\/emv-cards\/","og_site_name":"Ho&amp;Bros","article_modified_time":"2025-04-27T09:10:16+00:00","og_image":[{"width":86,"height":34,"url":"https:\/\/www.ho-bros.com\/wp-content\/uploads\/2025\/04\/Pharos.png","type":"image\/png"}],"twitter_card":"summary_large_image","twitter_misc":{"Dur\u00e9e de lecture estim\u00e9e":"2 minutes"},"schema":{"@context":"https:\/\/schema.org","@graph":[{"@type":"WebPage","@id":"https:\/\/www.ho-bros.com\/emv-cards\/","url":"https:\/\/www.ho-bros.com\/emv-cards\/","name":"EMV Cards - Ho&amp;Bros","isPartOf":{"@id":"https:\/\/www.ho-bros.com\/#website"},"primaryImageOfPage":{"@id":"https:\/\/www.ho-bros.com\/emv-cards\/#primaryimage"},"image":{"@id":"https:\/\/www.ho-bros.com\/emv-cards\/#primaryimage"},"thumbnailUrl":"https:\/\/www.ho-bros.com\/wp-content\/uploads\/2025\/04\/Pharos.png","datePublished":"2025-04-22T07:57:09+00:00","dateModified":"2025-04-27T09:10:16+00:00","description":"EMV Cards","breadcrumb":{"@id":"https:\/\/www.ho-bros.com\/emv-cards\/#breadcrumb"},"inLanguage":"fr-FR","potentialAction":[{"@type":"ReadAction","target":["https:\/\/www.ho-bros.com\/emv-cards\/"]}]},{"@type":"ImageObject","inLanguage":"fr-FR","@id":"https:\/\/www.ho-bros.com\/emv-cards\/#primaryimage","url":"https:\/\/www.ho-bros.com\/wp-content\/uploads\/2025\/04\/Pharos.png","contentUrl":"https:\/\/www.ho-bros.com\/wp-content\/uploads\/2025\/04\/Pharos.png"},{"@type":"BreadcrumbList","@id":"https:\/\/www.ho-bros.com\/emv-cards\/#breadcrumb","itemListElement":[{"@type":"ListItem","position":1,"name":"Home","item":"https:\/\/www.ho-bros.com\/"},{"@type":"ListItem","position":2,"name":"EMV Cards"}]},{"@type":"WebSite","@id":"https:\/\/www.ho-bros.com\/#website","url":"https:\/\/www.ho-bros.com\/","name":"Ho&Bros","description":"","potentialAction":[{"@type":"SearchAction","target":{"@type":"EntryPoint","urlTemplate":"https:\/\/www.ho-bros.com\/?s={search_term_string}"},"query-input":{"@type":"PropertyValueSpecification","valueRequired":true,"valueName":"search_term_string"}}],"inLanguage":"fr-FR"}]}},"_links":{"self":[{"href":"https:\/\/www.ho-bros.com\/fr\/wp-json\/wp\/v2\/pages\/8106","targetHints":{"allow":["GET"]}}],"collection":[{"href":"https:\/\/www.ho-bros.com\/fr\/wp-json\/wp\/v2\/pages"}],"about":[{"href":"https:\/\/www.ho-bros.com\/fr\/wp-json\/wp\/v2\/types\/page"}],"author":[{"embeddable":true,"href":"https:\/\/www.ho-bros.com\/fr\/wp-json\/wp\/v2\/users\/2"}],"replies":[{"embeddable":true,"href":"https:\/\/www.ho-bros.com\/fr\/wp-json\/wp\/v2\/comments?post=8106"}],"version-history":[{"count":22,"href":"https:\/\/www.ho-bros.com\/fr\/wp-json\/wp\/v2\/pages\/8106\/revisions"}],"predecessor-version":[{"id":8537,"href":"https:\/\/www.ho-bros.com\/fr\/wp-json\/wp\/v2\/pages\/8106\/revisions\/8537"}],"wp:attachment":[{"href":"https:\/\/www.ho-bros.com\/fr\/wp-json\/wp\/v2\/media?parent=8106"}],"curies":[{"name":"wp","href":"https:\/\/api.w.org\/{rel}","templated":true}]}}