{"id":8126,"date":"2025-04-22T16:30:50","date_gmt":"2025-04-22T08:30:50","guid":{"rendered":"https:\/\/www.ho-bros.com\/?page_id=8126"},"modified":"2025-04-27T17:16:49","modified_gmt":"2025-04-27T09:16:49","slug":"identity-solutions","status":"publish","type":"page","link":"https:\/\/www.ho-bros.com\/fr\/identity-solutions\/","title":{"rendered":"Solutions D&#039;Identit\u00e9"},"content":{"rendered":"<div data-elementor-type=\"wp-page\" data-elementor-id=\"8126\" class=\"elementor elementor-8126\" data-elementor-post-type=\"page\">\n\t\t\t\t<div class=\"elementor-element elementor-element-047e133 e-flex e-con-boxed e-con e-parent\" data-id=\"047e133\" data-element_type=\"container\">\n\t\t\t\t\t<div class=\"e-con-inner\">\n\t\t<div class=\"elementor-element elementor-element-9573eda e-con-full e-flex e-con e-child\" data-id=\"9573eda\" data-element_type=\"container\">\n\t\t\t\t<div class=\"elementor-element elementor-element-1a4e6ac elementor-widget elementor-widget-title\" data-id=\"1a4e6ac\" data-element_type=\"widget\" data-widget_type=\"title.default\">\n\t\t\t\t<div class=\"elementor-widget-container\">\n\t\t\t\r\n        <div class=\"theme-title\">\r\n          <h6>Cartes d'identit\u00e9<\/h6>\r\n          <h2><br\/>\nLes outils avanc\u00e9s d'identification int\u00e8grent la reconnaissance biom\u00e9trique pour une v\u00e9rification personnelle in\u00e9gal\u00e9e, utilisent des techniques de lutte contre la contrefa\u00e7on de pointe pour pr\u00e9venir la falsification, appliquent des mesures de s\u00e9curit\u00e9 strictes pour prot\u00e9ger les informations sensibles et garantissent une lisibilit\u00e9 optimale pour une identification rapide, offrant ainsi commodit\u00e9 et s\u00e9curit\u00e9 l\u00e0 o\u00f9 chaque interaction est rapide, s\u00fbre et fluide.\n<\/h2>\r\n           \r\n        <\/div>\r\n        \t\t<\/div>\n\t\t\t\t<\/div>\n\t\t\t\t<\/div>\n\t\t<div class=\"elementor-element elementor-element-ea8f65c e-con-full e-flex e-con e-child\" data-id=\"ea8f65c\" data-element_type=\"container\">\n\t\t\t\t<div class=\"elementor-element elementor-element-5c876a3 elementor-widget elementor-widget-image\" data-id=\"5c876a3\" data-element_type=\"widget\" data-widget_type=\"image.default\">\n\t\t\t\t<div class=\"elementor-widget-container\">\n\t\t\t\t\t\t\t\t\t\t\t\t\t<img decoding=\"async\" src=\"https:\/\/www.ho-bros.com\/wp-content\/uploads\/elementor\/thumbs\/Identity-Cards-r4q4vwanaispk5wu3qm399qcqac4fxtjbbu0e5me64.png\" title=\"Identity-Cards\" alt=\"Identity Cards\" loading=\"lazy\" \/>\t\t\t\t\t\t\t\t\t\t\t\t\t<\/div>\n\t\t\t\t<\/div>\n\t\t\t\t<\/div>\n\t\t\t\t\t<\/div>\n\t\t\t\t<\/div>\n\t\t\t\t<\/div>","protected":false},"excerpt":{"rendered":"<p>Identity Cards The advanced ID tools incorporate biometric recognition for unparalleled personal verification, employ cutting-edge anti-counterfeiting techniques to prevent forgery, enforce stringent security measures to safeguard sensitive information, and guarantee readability for swift identification, offering convenience and security where every interaction is swift, safe, and seamless.<\/p>","protected":false},"author":2,"featured_media":0,"parent":0,"menu_order":0,"comment_status":"closed","ping_status":"closed","template":"","meta":{"_acf_changed":false,"inline_featured_image":false,"footnotes":""},"class_list":["post-8126","page","type-page","status-publish","hentry"],"acf":[],"yoast_head":"<!-- This site is optimized with the Yoast SEO plugin v24.0 - https:\/\/yoast.com\/wordpress\/plugins\/seo\/ -->\n<title>Identity Solutions - Ho&amp;Bros<\/title>\n<meta name=\"description\" content=\"Identity Solutions\" \/>\n<meta name=\"robots\" content=\"index, follow, max-snippet:-1, max-image-preview:large, max-video-preview:-1\" \/>\n<link rel=\"canonical\" href=\"https:\/\/www.ho-bros.com\/fr\/identity-solutions\/\" \/>\n<meta property=\"og:locale\" content=\"fr_FR\" \/>\n<meta property=\"og:type\" content=\"article\" \/>\n<meta property=\"og:title\" content=\"Identity Solutions - Ho&amp;Bros\" \/>\n<meta property=\"og:description\" content=\"Identity Solutions\" \/>\n<meta property=\"og:url\" content=\"https:\/\/www.ho-bros.com\/fr\/identity-solutions\/\" \/>\n<meta property=\"og:site_name\" content=\"Ho&amp;Bros\" \/>\n<meta property=\"article:modified_time\" content=\"2025-04-27T09:16:49+00:00\" \/>\n<meta property=\"og:image\" content=\"https:\/\/www.ho-bros.com\/wp-content\/uploads\/elementor\/thumbs\/Identity-Cards-r4q4vwanaispk5wu3qm399qcqac4fxtjbbu0e5me64.png\" \/>\n<meta name=\"twitter:card\" content=\"summary_large_image\" \/>\n<meta name=\"twitter:label1\" content=\"Dur\u00e9e de lecture estim\u00e9e\" \/>\n\t<meta name=\"twitter:data1\" content=\"1 minute\" \/>\n<script type=\"application\/ld+json\" class=\"yoast-schema-graph\">{\"@context\":\"https:\/\/schema.org\",\"@graph\":[{\"@type\":\"WebPage\",\"@id\":\"https:\/\/www.ho-bros.com\/identity-solutions\/\",\"url\":\"https:\/\/www.ho-bros.com\/identity-solutions\/\",\"name\":\"Identity Solutions - Ho&amp;Bros\",\"isPartOf\":{\"@id\":\"https:\/\/www.ho-bros.com\/#website\"},\"primaryImageOfPage\":{\"@id\":\"https:\/\/www.ho-bros.com\/identity-solutions\/#primaryimage\"},\"image\":{\"@id\":\"https:\/\/www.ho-bros.com\/identity-solutions\/#primaryimage\"},\"thumbnailUrl\":\"https:\/\/www.ho-bros.com\/wp-content\/uploads\/elementor\/thumbs\/Identity-Cards-r4q4vwanaispk5wu3qm399qcqac4fxtjbbu0e5me64.png\",\"datePublished\":\"2025-04-22T08:30:50+00:00\",\"dateModified\":\"2025-04-27T09:16:49+00:00\",\"description\":\"Identity Solutions\",\"breadcrumb\":{\"@id\":\"https:\/\/www.ho-bros.com\/identity-solutions\/#breadcrumb\"},\"inLanguage\":\"fr-FR\",\"potentialAction\":[{\"@type\":\"ReadAction\",\"target\":[\"https:\/\/www.ho-bros.com\/identity-solutions\/\"]}]},{\"@type\":\"ImageObject\",\"inLanguage\":\"fr-FR\",\"@id\":\"https:\/\/www.ho-bros.com\/identity-solutions\/#primaryimage\",\"url\":\"https:\/\/www.ho-bros.com\/wp-content\/uploads\/elementor\/thumbs\/Identity-Cards-r4q4vwanaispk5wu3qm399qcqac4fxtjbbu0e5me64.png\",\"contentUrl\":\"https:\/\/www.ho-bros.com\/wp-content\/uploads\/elementor\/thumbs\/Identity-Cards-r4q4vwanaispk5wu3qm399qcqac4fxtjbbu0e5me64.png\"},{\"@type\":\"BreadcrumbList\",\"@id\":\"https:\/\/www.ho-bros.com\/identity-solutions\/#breadcrumb\",\"itemListElement\":[{\"@type\":\"ListItem\",\"position\":1,\"name\":\"Home\",\"item\":\"https:\/\/www.ho-bros.com\/\"},{\"@type\":\"ListItem\",\"position\":2,\"name\":\"Identity Solutions\"}]},{\"@type\":\"WebSite\",\"@id\":\"https:\/\/www.ho-bros.com\/#website\",\"url\":\"https:\/\/www.ho-bros.com\/\",\"name\":\"Ho&Bros\",\"description\":\"\",\"potentialAction\":[{\"@type\":\"SearchAction\",\"target\":{\"@type\":\"EntryPoint\",\"urlTemplate\":\"https:\/\/www.ho-bros.com\/?s={search_term_string}\"},\"query-input\":{\"@type\":\"PropertyValueSpecification\",\"valueRequired\":true,\"valueName\":\"search_term_string\"}}],\"inLanguage\":\"fr-FR\"}]}<\/script>\n<!-- \/ Yoast SEO plugin. -->","yoast_head_json":{"title":"Identity Solutions - Ho&amp;Bros","description":"Identity Solutions","robots":{"index":"index","follow":"follow","max-snippet":"max-snippet:-1","max-image-preview":"max-image-preview:large","max-video-preview":"max-video-preview:-1"},"canonical":"https:\/\/www.ho-bros.com\/fr\/identity-solutions\/","og_locale":"fr_FR","og_type":"article","og_title":"Identity Solutions - Ho&amp;Bros","og_description":"Identity Solutions","og_url":"https:\/\/www.ho-bros.com\/fr\/identity-solutions\/","og_site_name":"Ho&amp;Bros","article_modified_time":"2025-04-27T09:16:49+00:00","og_image":[{"url":"https:\/\/www.ho-bros.com\/wp-content\/uploads\/elementor\/thumbs\/Identity-Cards-r4q4vwanaispk5wu3qm399qcqac4fxtjbbu0e5me64.png","type":"","width":"","height":""}],"twitter_card":"summary_large_image","twitter_misc":{"Dur\u00e9e de lecture estim\u00e9e":"1 minute"},"schema":{"@context":"https:\/\/schema.org","@graph":[{"@type":"WebPage","@id":"https:\/\/www.ho-bros.com\/identity-solutions\/","url":"https:\/\/www.ho-bros.com\/identity-solutions\/","name":"Identity Solutions - Ho&amp;Bros","isPartOf":{"@id":"https:\/\/www.ho-bros.com\/#website"},"primaryImageOfPage":{"@id":"https:\/\/www.ho-bros.com\/identity-solutions\/#primaryimage"},"image":{"@id":"https:\/\/www.ho-bros.com\/identity-solutions\/#primaryimage"},"thumbnailUrl":"https:\/\/www.ho-bros.com\/wp-content\/uploads\/elementor\/thumbs\/Identity-Cards-r4q4vwanaispk5wu3qm399qcqac4fxtjbbu0e5me64.png","datePublished":"2025-04-22T08:30:50+00:00","dateModified":"2025-04-27T09:16:49+00:00","description":"Identity Solutions","breadcrumb":{"@id":"https:\/\/www.ho-bros.com\/identity-solutions\/#breadcrumb"},"inLanguage":"fr-FR","potentialAction":[{"@type":"ReadAction","target":["https:\/\/www.ho-bros.com\/identity-solutions\/"]}]},{"@type":"ImageObject","inLanguage":"fr-FR","@id":"https:\/\/www.ho-bros.com\/identity-solutions\/#primaryimage","url":"https:\/\/www.ho-bros.com\/wp-content\/uploads\/elementor\/thumbs\/Identity-Cards-r4q4vwanaispk5wu3qm399qcqac4fxtjbbu0e5me64.png","contentUrl":"https:\/\/www.ho-bros.com\/wp-content\/uploads\/elementor\/thumbs\/Identity-Cards-r4q4vwanaispk5wu3qm399qcqac4fxtjbbu0e5me64.png"},{"@type":"BreadcrumbList","@id":"https:\/\/www.ho-bros.com\/identity-solutions\/#breadcrumb","itemListElement":[{"@type":"ListItem","position":1,"name":"Home","item":"https:\/\/www.ho-bros.com\/"},{"@type":"ListItem","position":2,"name":"Identity Solutions"}]},{"@type":"WebSite","@id":"https:\/\/www.ho-bros.com\/#website","url":"https:\/\/www.ho-bros.com\/","name":"Ho&Bros","description":"","potentialAction":[{"@type":"SearchAction","target":{"@type":"EntryPoint","urlTemplate":"https:\/\/www.ho-bros.com\/?s={search_term_string}"},"query-input":{"@type":"PropertyValueSpecification","valueRequired":true,"valueName":"search_term_string"}}],"inLanguage":"fr-FR"}]}},"_links":{"self":[{"href":"https:\/\/www.ho-bros.com\/fr\/wp-json\/wp\/v2\/pages\/8126","targetHints":{"allow":["GET"]}}],"collection":[{"href":"https:\/\/www.ho-bros.com\/fr\/wp-json\/wp\/v2\/pages"}],"about":[{"href":"https:\/\/www.ho-bros.com\/fr\/wp-json\/wp\/v2\/types\/page"}],"author":[{"embeddable":true,"href":"https:\/\/www.ho-bros.com\/fr\/wp-json\/wp\/v2\/users\/2"}],"replies":[{"embeddable":true,"href":"https:\/\/www.ho-bros.com\/fr\/wp-json\/wp\/v2\/comments?post=8126"}],"version-history":[{"count":13,"href":"https:\/\/www.ho-bros.com\/fr\/wp-json\/wp\/v2\/pages\/8126\/revisions"}],"predecessor-version":[{"id":8546,"href":"https:\/\/www.ho-bros.com\/fr\/wp-json\/wp\/v2\/pages\/8126\/revisions\/8546"}],"wp:attachment":[{"href":"https:\/\/www.ho-bros.com\/fr\/wp-json\/wp\/v2\/media?parent=8126"}],"curies":[{"name":"wp","href":"https:\/\/api.w.org\/{rel}","templated":true}]}}