{"id":8136,"date":"2025-04-22T16:37:33","date_gmt":"2025-04-22T08:37:33","guid":{"rendered":"https:\/\/www.ho-bros.com\/?page_id=8136"},"modified":"2025-05-08T09:43:25","modified_gmt":"2025-05-08T01:43:25","slug":"epassport-solutions","status":"publish","type":"page","link":"https:\/\/www.ho-bros.com\/fr\/epassport-solutions\/","title":{"rendered":"e-Passeport"},"content":{"rendered":"<div data-elementor-type=\"wp-page\" data-elementor-id=\"8136\" class=\"elementor elementor-8136\" data-elementor-post-type=\"page\">\n\t\t\t\t<div class=\"elementor-element elementor-element-047e133 e-flex e-con-boxed e-con e-parent\" data-id=\"047e133\" data-element_type=\"container\">\n\t\t\t\t\t<div class=\"e-con-inner\">\n\t\t<div class=\"elementor-element elementor-element-ea8f65c e-con-full e-flex e-con e-child\" data-id=\"ea8f65c\" data-element_type=\"container\">\n\t\t\t\t<div class=\"elementor-element elementor-element-5c876a3 elementor-widget elementor-widget-image\" data-id=\"5c876a3\" data-element_type=\"widget\" data-widget_type=\"image.default\">\n\t\t\t\t<div class=\"elementor-widget-container\">\n\t\t\t\t\t\t\t\t\t\t\t\t\t<img decoding=\"async\" src=\"https:\/\/www.ho-bros.com\/wp-content\/uploads\/elementor\/thumbs\/DatapageeCover-r4q53e29tt106vidro0yayeou3j1ghj8x3gcph0zj8.png\" title=\"Datapage&#038;eCover\" alt=\"Datapage&amp;eCover\" loading=\"lazy\" \/>\t\t\t\t\t\t\t\t\t\t\t\t\t<\/div>\n\t\t\t\t<\/div>\n\t\t\t\t<\/div>\n\t\t<div class=\"elementor-element elementor-element-9573eda e-con-full e-flex e-con e-child\" data-id=\"9573eda\" data-element_type=\"container\">\n\t\t\t\t<div class=\"elementor-element elementor-element-1a4e6ac elementor-widget elementor-widget-title\" data-id=\"1a4e6ac\" data-element_type=\"widget\" data-widget_type=\"title.default\">\n\t\t\t\t<div class=\"elementor-widget-container\">\n\t\t\t\r\n        <div class=\"theme-title\">\r\n          <h6>Datapage &amp; eCover<\/h6>\r\n          <h2><br\/>\nLe document de voyage de pointe con\u00e7u pour garantir l'authenticit\u00e9, pr\u00e9venir la fraude et faciliter les passages frontaliers rapides, tout en prot\u00e9geant les informations personnelles avec les normes les plus strictes en mati\u00e8re de confidentialit\u00e9 et de s\u00e9curit\u00e9 des donn\u00e9es. Il r\u00e9duit consid\u00e9rablement le risque de vol d'identit\u00e9 et veille \u00e0 ce que les informations personnelles ne soient accessibles qu'aux fonctionnaires autoris\u00e9s.<\/h2>\r\n           \r\n        <\/div>\r\n        \t\t<\/div>\n\t\t\t\t<\/div>\n\t\t\t\t<\/div>\n\t\t\t\t\t<\/div>\n\t\t\t\t<\/div>\n\t\t<div class=\"elementor-element elementor-element-79dfa11 e-flex e-con-boxed e-con e-parent\" data-id=\"79dfa11\" data-element_type=\"container\">\n\t\t\t\t\t<div class=\"e-con-inner\">\n\t\t<div class=\"elementor-element elementor-element-71c28cd e-grid e-con-full e-con e-child\" data-id=\"71c28cd\" data-element_type=\"container\">\n\t\t<div class=\"elementor-element elementor-element-4b2055d e-con-full e-flex e-con e-child\" data-id=\"4b2055d\" data-element_type=\"container\">\n\t\t<div class=\"elementor-element elementor-element-e57796c e-con-full e-flex e-con e-child\" data-id=\"e57796c\" data-element_type=\"container\">\n\t\t\t\t<div class=\"elementor-element elementor-element-8718096 elementor-widget elementor-widget-image\" data-id=\"8718096\" data-element_type=\"widget\" data-widget_type=\"image.default\">\n\t\t\t\t<div class=\"elementor-widget-container\">\n\t\t\t\t\t\t\t\t\t\t\t\t\t<img fetchpriority=\"high\" decoding=\"async\" width=\"300\" height=\"300\" src=\"https:\/\/www.ho-bros.com\/wp-content\/uploads\/2025\/04\/Machine-readable-300x300.png\" class=\"attachment-medium size-medium wp-image-8158\" alt=\"\" srcset=\"https:\/\/www.ho-bros.com\/wp-content\/uploads\/2025\/04\/Machine-readable-300x300.png 300w, https:\/\/www.ho-bros.com\/wp-content\/uploads\/2025\/04\/Machine-readable-150x150.png 150w, https:\/\/www.ho-bros.com\/wp-content\/uploads\/2025\/04\/Machine-readable-12x12.png 12w, https:\/\/www.ho-bros.com\/wp-content\/uploads\/2025\/04\/Machine-readable.png 480w\" sizes=\"(max-width: 300px) 100vw, 300px\" \/>\t\t\t\t\t\t\t\t\t\t\t\t\t<\/div>\n\t\t\t\t<\/div>\n\t\t\t\t<\/div>\n\t\t<div class=\"elementor-element elementor-element-e62244c e-con-full e-flex e-con e-child\" data-id=\"e62244c\" data-element_type=\"container\">\n\t\t\t\t<div class=\"elementor-element elementor-element-733755c elementor-widget elementor-widget-heading\" data-id=\"733755c\" data-element_type=\"widget\" data-widget_type=\"heading.default\">\n\t\t\t\t<div class=\"elementor-widget-container\">\n\t\t\t<div class=\"elementor-heading-title elementor-size-default\">Lisible par machine<\/div>\t\t<\/div>\n\t\t\t\t<\/div>\n\t\t\t\t<div class=\"elementor-element elementor-element-ecc0857 elementor-widget elementor-widget-heading\" data-id=\"ecc0857\" data-element_type=\"widget\" data-widget_type=\"heading.default\">\n\t\t\t\t<div class=\"elementor-widget-container\">\n\t\t\t<div class=\"elementor-heading-title elementor-size-default\">Permet une v\u00e9rification rapide, pr\u00e9cise et fiable via des syst\u00e8mes automatis\u00e9s, facilitant ainsi les contr\u00f4les d'immigration et les processus d'embarquement de mani\u00e8re efficace.\n<\/div>\t\t<\/div>\n\t\t\t\t<\/div>\n\t\t\t\t<\/div>\n\t\t\t\t<\/div>\n\t\t<div class=\"elementor-element elementor-element-6353d33 e-con-full e-flex e-con e-child\" data-id=\"6353d33\" data-element_type=\"container\">\n\t\t<div class=\"elementor-element elementor-element-2374188 e-con-full e-flex e-con e-child\" data-id=\"2374188\" data-element_type=\"container\">\n\t\t\t\t<div class=\"elementor-element elementor-element-6973ba5 elementor-widget elementor-widget-image\" data-id=\"6973ba5\" data-element_type=\"widget\" data-widget_type=\"image.default\">\n\t\t\t\t<div class=\"elementor-widget-container\">\n\t\t\t\t\t\t\t\t\t\t\t\t\t<img decoding=\"async\" width=\"128\" height=\"128\" src=\"https:\/\/www.ho-bros.com\/wp-content\/uploads\/2025\/04\/High-resolution-Printing.png\" class=\"attachment-medium size-medium wp-image-8155\" alt=\"\" srcset=\"https:\/\/www.ho-bros.com\/wp-content\/uploads\/2025\/04\/High-resolution-Printing.png 128w, https:\/\/www.ho-bros.com\/wp-content\/uploads\/2025\/04\/High-resolution-Printing-12x12.png 12w\" sizes=\"(max-width: 128px) 100vw, 128px\" \/>\t\t\t\t\t\t\t\t\t\t\t\t\t<\/div>\n\t\t\t\t<\/div>\n\t\t\t\t<\/div>\n\t\t<div class=\"elementor-element elementor-element-8c0f3d8 e-con-full e-flex e-con e-child\" data-id=\"8c0f3d8\" data-element_type=\"container\">\n\t\t\t\t<div class=\"elementor-element elementor-element-3fb3a9b elementor-widget elementor-widget-heading\" data-id=\"3fb3a9b\" data-element_type=\"widget\" data-widget_type=\"heading.default\">\n\t\t\t\t<div class=\"elementor-widget-container\">\n\t\t\t<div class=\"elementor-heading-title elementor-size-default\">Impression haute r\u00e9solution<\/div>\t\t<\/div>\n\t\t\t\t<\/div>\n\t\t\t\t<div class=\"elementor-element elementor-element-8238e46 elementor-widget elementor-widget-heading\" data-id=\"8238e46\" data-element_type=\"widget\" data-widget_type=\"heading.default\">\n\t\t\t\t<div class=\"elementor-widget-container\">\n\t\t\t<div class=\"elementor-heading-title elementor-size-default\">Utilise une technologie d'impression de s\u00e9curit\u00e9 de haute pr\u00e9cision pour rendre les informations personnelles facilement identifiables, r\u00e9sistantes \u00e0 la falsification et durables.<\/div>\t\t<\/div>\n\t\t\t\t<\/div>\n\t\t\t\t<\/div>\n\t\t\t\t<\/div>\n\t\t<div class=\"elementor-element elementor-element-789f7ca e-con-full e-flex e-con e-child\" data-id=\"789f7ca\" data-element_type=\"container\">\n\t\t<div class=\"elementor-element elementor-element-d1203a0 e-con-full e-flex e-con e-child\" data-id=\"d1203a0\" data-element_type=\"container\">\n\t\t\t\t<div class=\"elementor-element elementor-element-145f257 elementor-widget elementor-widget-image\" data-id=\"145f257\" data-element_type=\"widget\" data-widget_type=\"image.default\">\n\t\t\t\t<div class=\"elementor-widget-container\">\n\t\t\t\t\t\t\t\t\t\t\t\t\t<img decoding=\"async\" width=\"300\" height=\"300\" src=\"https:\/\/www.ho-bros.com\/wp-content\/uploads\/2025\/04\/High-Security-300x300.png\" class=\"attachment-medium size-medium wp-image-8156\" alt=\"\" srcset=\"https:\/\/www.ho-bros.com\/wp-content\/uploads\/2025\/04\/High-Security-300x300.png 300w, https:\/\/www.ho-bros.com\/wp-content\/uploads\/2025\/04\/High-Security-150x150.png 150w, https:\/\/www.ho-bros.com\/wp-content\/uploads\/2025\/04\/High-Security-12x12.png 12w, https:\/\/www.ho-bros.com\/wp-content\/uploads\/2025\/04\/High-Security.png 480w\" sizes=\"(max-width: 300px) 100vw, 300px\" \/>\t\t\t\t\t\t\t\t\t\t\t\t\t<\/div>\n\t\t\t\t<\/div>\n\t\t\t\t<\/div>\n\t\t<div class=\"elementor-element elementor-element-c476060 e-con-full e-flex e-con e-child\" data-id=\"c476060\" data-element_type=\"container\">\n\t\t\t\t<div class=\"elementor-element elementor-element-ee82907 elementor-widget elementor-widget-heading\" data-id=\"ee82907\" data-element_type=\"widget\" data-widget_type=\"heading.default\">\n\t\t\t\t<div class=\"elementor-widget-container\">\n\t\t\t<div class=\"elementor-heading-title elementor-size-default\">Haute s\u00e9curit\u00e9<\/div>\t\t<\/div>\n\t\t\t\t<\/div>\n\t\t\t\t<div class=\"elementor-element elementor-element-10937e7 elementor-widget elementor-widget-heading\" data-id=\"10937e7\" data-element_type=\"widget\" data-widget_type=\"heading.default\">\n\t\t\t\t<div class=\"elementor-widget-container\">\n\t\t\t<div class=\"elementor-heading-title elementor-size-default\">\u00c9quip\u00e9 de puces s\u00e9curis\u00e9es et d'inlays conformes aux r\u00e9glementations nationales en mati\u00e8re de s\u00e9curit\u00e9, garantissant une protection de niveau sup\u00e9rieur des donn\u00e9es sensibles.<\/div>\t\t<\/div>\n\t\t\t\t<\/div>\n\t\t\t\t<\/div>\n\t\t\t\t<\/div>\n\t\t<div class=\"elementor-element elementor-element-7bbb70d e-con-full e-flex e-con e-child\" data-id=\"7bbb70d\" data-element_type=\"container\">\n\t\t<div class=\"elementor-element elementor-element-339d0e9 e-con-full e-flex e-con e-child\" data-id=\"339d0e9\" data-element_type=\"container\">\n\t\t\t\t<div class=\"elementor-element elementor-element-00e3689 elementor-widget elementor-widget-image\" data-id=\"00e3689\" data-element_type=\"widget\" data-widget_type=\"image.default\">\n\t\t\t\t<div class=\"elementor-widget-container\">\n\t\t\t\t\t\t\t\t\t\t\t\t\t<img loading=\"lazy\" decoding=\"async\" width=\"300\" height=\"300\" src=\"https:\/\/www.ho-bros.com\/wp-content\/uploads\/2025\/04\/Immigration-.Standard-300x300.png\" class=\"attachment-medium size-medium wp-image-8157\" alt=\"\" srcset=\"https:\/\/www.ho-bros.com\/wp-content\/uploads\/2025\/04\/Immigration-.Standard-300x300.png 300w, https:\/\/www.ho-bros.com\/wp-content\/uploads\/2025\/04\/Immigration-.Standard-150x150.png 150w, https:\/\/www.ho-bros.com\/wp-content\/uploads\/2025\/04\/Immigration-.Standard-12x12.png 12w, https:\/\/www.ho-bros.com\/wp-content\/uploads\/2025\/04\/Immigration-.Standard.png 480w\" sizes=\"(max-width: 300px) 100vw, 300px\" \/>\t\t\t\t\t\t\t\t\t\t\t\t\t<\/div>\n\t\t\t\t<\/div>\n\t\t\t\t<\/div>\n\t\t<div class=\"elementor-element elementor-element-e5af55a e-con-full e-flex e-con e-child\" data-id=\"e5af55a\" data-element_type=\"container\">\n\t\t\t\t<div class=\"elementor-element elementor-element-6ff3551 elementor-widget elementor-widget-heading\" data-id=\"6ff3551\" data-element_type=\"widget\" data-widget_type=\"heading.default\">\n\t\t\t\t<div class=\"elementor-widget-container\">\n\t\t\t<div class=\"elementor-heading-title elementor-size-default\">Conformit\u00e9 aux normes d'immigration<\/div>\t\t<\/div>\n\t\t\t\t<\/div>\n\t\t\t\t<div class=\"elementor-element elementor-element-efb63cc elementor-widget elementor-widget-heading\" data-id=\"efb63cc\" data-element_type=\"widget\" data-widget_type=\"heading.default\">\n\t\t\t\t<div class=\"elementor-widget-container\">\n\t\t\t<div class=\"elementor-heading-title elementor-size-default\">Respecte les exigences des contr\u00f4les frontaliers des diff\u00e9rents gouvernements tout en offrant une exp\u00e9rience de voyage fluide et s\u00e9curis\u00e9e pour le titulaire du document.<\/div>\t\t<\/div>\n\t\t\t\t<\/div>\n\t\t\t\t<\/div>\n\t\t\t\t<\/div>\n\t\t\t\t<\/div>\n\t\t\t\t\t<\/div>\n\t\t\t\t<\/div>\n\t\t\t\t<\/div>","protected":false},"excerpt":{"rendered":"<p>Datapage &#038; eCover Designed as a fraud-resistant travel credential, this document streamlines border security workflows via machine-readable zones (MRZ) and NFC-enabled data verification. Compliance with ISO\/IEC 7501-1 ensures citizen privacy while enabling real-time interoperability with global immigration systems. Machine-readable A Quick, accurate and reliable verification via machines for swift and accurate data processing which streamline [&hellip;]<\/p>","protected":false},"author":2,"featured_media":0,"parent":0,"menu_order":0,"comment_status":"closed","ping_status":"closed","template":"","meta":{"_acf_changed":false,"inline_featured_image":false,"footnotes":""},"class_list":["post-8136","page","type-page","status-publish","hentry"],"acf":[],"yoast_head":"<!-- This site is optimized with the Yoast SEO plugin v24.0 - https:\/\/yoast.com\/wordpress\/plugins\/seo\/ -->\n<title>ePassport Solutions - Ho&amp;Bros<\/title>\n<meta name=\"description\" content=\"ePassport Solutions\" \/>\n<meta name=\"robots\" content=\"index, follow, max-snippet:-1, max-image-preview:large, max-video-preview:-1\" \/>\n<link rel=\"canonical\" href=\"https:\/\/www.ho-bros.com\/fr\/epassport-solutions\/\" \/>\n<meta property=\"og:locale\" content=\"fr_FR\" \/>\n<meta property=\"og:type\" content=\"article\" \/>\n<meta property=\"og:title\" content=\"ePassport Solutions - Ho&amp;Bros\" \/>\n<meta property=\"og:description\" content=\"ePassport Solutions\" \/>\n<meta property=\"og:url\" content=\"https:\/\/www.ho-bros.com\/fr\/epassport-solutions\/\" \/>\n<meta property=\"og:site_name\" content=\"Ho&amp;Bros\" \/>\n<meta property=\"article:modified_time\" content=\"2025-05-08T01:43:25+00:00\" \/>\n<meta property=\"og:image\" content=\"https:\/\/www.ho-bros.com\/wp-content\/uploads\/elementor\/thumbs\/DatapageeCover-r4q53e29tt106vidro0yayeou3j1ghj8x3gcph0zj8.png\" \/>\n<meta name=\"twitter:card\" content=\"summary_large_image\" \/>\n<meta name=\"twitter:label1\" content=\"Dur\u00e9e de lecture estim\u00e9e\" \/>\n\t<meta name=\"twitter:data1\" content=\"2 minutes\" \/>\n<script type=\"application\/ld+json\" class=\"yoast-schema-graph\">{\"@context\":\"https:\/\/schema.org\",\"@graph\":[{\"@type\":\"WebPage\",\"@id\":\"https:\/\/www.ho-bros.com\/epassport-solutions\/\",\"url\":\"https:\/\/www.ho-bros.com\/epassport-solutions\/\",\"name\":\"ePassport Solutions - Ho&amp;Bros\",\"isPartOf\":{\"@id\":\"https:\/\/www.ho-bros.com\/#website\"},\"primaryImageOfPage\":{\"@id\":\"https:\/\/www.ho-bros.com\/epassport-solutions\/#primaryimage\"},\"image\":{\"@id\":\"https:\/\/www.ho-bros.com\/epassport-solutions\/#primaryimage\"},\"thumbnailUrl\":\"https:\/\/www.ho-bros.com\/wp-content\/uploads\/elementor\/thumbs\/DatapageeCover-r4q53e29tt106vidro0yayeou3j1ghj8x3gcph0zj8.png\",\"datePublished\":\"2025-04-22T08:37:33+00:00\",\"dateModified\":\"2025-05-08T01:43:25+00:00\",\"description\":\"ePassport Solutions\",\"breadcrumb\":{\"@id\":\"https:\/\/www.ho-bros.com\/epassport-solutions\/#breadcrumb\"},\"inLanguage\":\"fr-FR\",\"potentialAction\":[{\"@type\":\"ReadAction\",\"target\":[\"https:\/\/www.ho-bros.com\/epassport-solutions\/\"]}]},{\"@type\":\"ImageObject\",\"inLanguage\":\"fr-FR\",\"@id\":\"https:\/\/www.ho-bros.com\/epassport-solutions\/#primaryimage\",\"url\":\"https:\/\/www.ho-bros.com\/wp-content\/uploads\/elementor\/thumbs\/DatapageeCover-r4q53e29tt106vidro0yayeou3j1ghj8x3gcph0zj8.png\",\"contentUrl\":\"https:\/\/www.ho-bros.com\/wp-content\/uploads\/elementor\/thumbs\/DatapageeCover-r4q53e29tt106vidro0yayeou3j1ghj8x3gcph0zj8.png\"},{\"@type\":\"BreadcrumbList\",\"@id\":\"https:\/\/www.ho-bros.com\/epassport-solutions\/#breadcrumb\",\"itemListElement\":[{\"@type\":\"ListItem\",\"position\":1,\"name\":\"Home\",\"item\":\"https:\/\/www.ho-bros.com\/\"},{\"@type\":\"ListItem\",\"position\":2,\"name\":\"ePassport Solutions\"}]},{\"@type\":\"WebSite\",\"@id\":\"https:\/\/www.ho-bros.com\/#website\",\"url\":\"https:\/\/www.ho-bros.com\/\",\"name\":\"Ho&Bros\",\"description\":\"\",\"potentialAction\":[{\"@type\":\"SearchAction\",\"target\":{\"@type\":\"EntryPoint\",\"urlTemplate\":\"https:\/\/www.ho-bros.com\/?s={search_term_string}\"},\"query-input\":{\"@type\":\"PropertyValueSpecification\",\"valueRequired\":true,\"valueName\":\"search_term_string\"}}],\"inLanguage\":\"fr-FR\"}]}<\/script>\n<!-- \/ Yoast SEO plugin. -->","yoast_head_json":{"title":"ePassport Solutions - Ho&amp;Bros","description":"ePassport Solutions","robots":{"index":"index","follow":"follow","max-snippet":"max-snippet:-1","max-image-preview":"max-image-preview:large","max-video-preview":"max-video-preview:-1"},"canonical":"https:\/\/www.ho-bros.com\/fr\/epassport-solutions\/","og_locale":"fr_FR","og_type":"article","og_title":"ePassport Solutions - Ho&amp;Bros","og_description":"ePassport Solutions","og_url":"https:\/\/www.ho-bros.com\/fr\/epassport-solutions\/","og_site_name":"Ho&amp;Bros","article_modified_time":"2025-05-08T01:43:25+00:00","og_image":[{"url":"https:\/\/www.ho-bros.com\/wp-content\/uploads\/elementor\/thumbs\/DatapageeCover-r4q53e29tt106vidro0yayeou3j1ghj8x3gcph0zj8.png","type":"","width":"","height":""}],"twitter_card":"summary_large_image","twitter_misc":{"Dur\u00e9e de lecture estim\u00e9e":"2 minutes"},"schema":{"@context":"https:\/\/schema.org","@graph":[{"@type":"WebPage","@id":"https:\/\/www.ho-bros.com\/epassport-solutions\/","url":"https:\/\/www.ho-bros.com\/epassport-solutions\/","name":"ePassport Solutions - Ho&amp;Bros","isPartOf":{"@id":"https:\/\/www.ho-bros.com\/#website"},"primaryImageOfPage":{"@id":"https:\/\/www.ho-bros.com\/epassport-solutions\/#primaryimage"},"image":{"@id":"https:\/\/www.ho-bros.com\/epassport-solutions\/#primaryimage"},"thumbnailUrl":"https:\/\/www.ho-bros.com\/wp-content\/uploads\/elementor\/thumbs\/DatapageeCover-r4q53e29tt106vidro0yayeou3j1ghj8x3gcph0zj8.png","datePublished":"2025-04-22T08:37:33+00:00","dateModified":"2025-05-08T01:43:25+00:00","description":"ePassport Solutions","breadcrumb":{"@id":"https:\/\/www.ho-bros.com\/epassport-solutions\/#breadcrumb"},"inLanguage":"fr-FR","potentialAction":[{"@type":"ReadAction","target":["https:\/\/www.ho-bros.com\/epassport-solutions\/"]}]},{"@type":"ImageObject","inLanguage":"fr-FR","@id":"https:\/\/www.ho-bros.com\/epassport-solutions\/#primaryimage","url":"https:\/\/www.ho-bros.com\/wp-content\/uploads\/elementor\/thumbs\/DatapageeCover-r4q53e29tt106vidro0yayeou3j1ghj8x3gcph0zj8.png","contentUrl":"https:\/\/www.ho-bros.com\/wp-content\/uploads\/elementor\/thumbs\/DatapageeCover-r4q53e29tt106vidro0yayeou3j1ghj8x3gcph0zj8.png"},{"@type":"BreadcrumbList","@id":"https:\/\/www.ho-bros.com\/epassport-solutions\/#breadcrumb","itemListElement":[{"@type":"ListItem","position":1,"name":"Home","item":"https:\/\/www.ho-bros.com\/"},{"@type":"ListItem","position":2,"name":"ePassport Solutions"}]},{"@type":"WebSite","@id":"https:\/\/www.ho-bros.com\/#website","url":"https:\/\/www.ho-bros.com\/","name":"Ho&Bros","description":"","potentialAction":[{"@type":"SearchAction","target":{"@type":"EntryPoint","urlTemplate":"https:\/\/www.ho-bros.com\/?s={search_term_string}"},"query-input":{"@type":"PropertyValueSpecification","valueRequired":true,"valueName":"search_term_string"}}],"inLanguage":"fr-FR"}]}},"_links":{"self":[{"href":"https:\/\/www.ho-bros.com\/fr\/wp-json\/wp\/v2\/pages\/8136","targetHints":{"allow":["GET"]}}],"collection":[{"href":"https:\/\/www.ho-bros.com\/fr\/wp-json\/wp\/v2\/pages"}],"about":[{"href":"https:\/\/www.ho-bros.com\/fr\/wp-json\/wp\/v2\/types\/page"}],"author":[{"embeddable":true,"href":"https:\/\/www.ho-bros.com\/fr\/wp-json\/wp\/v2\/users\/2"}],"replies":[{"embeddable":true,"href":"https:\/\/www.ho-bros.com\/fr\/wp-json\/wp\/v2\/comments?post=8136"}],"version-history":[{"count":25,"href":"https:\/\/www.ho-bros.com\/fr\/wp-json\/wp\/v2\/pages\/8136\/revisions"}],"predecessor-version":[{"id":8644,"href":"https:\/\/www.ho-bros.com\/fr\/wp-json\/wp\/v2\/pages\/8136\/revisions\/8644"}],"wp:attachment":[{"href":"https:\/\/www.ho-bros.com\/fr\/wp-json\/wp\/v2\/media?parent=8136"}],"curies":[{"name":"wp","href":"https:\/\/api.w.org\/{rel}","templated":true}]}}